{"id":3409,"date":"2021-06-23T13:25:14","date_gmt":"2021-06-23T13:25:14","guid":{"rendered":"https:\/\/novex.cz\/?post_type=product&#038;p=3409"},"modified":"2025-03-24T13:51:40","modified_gmt":"2025-03-24T13:51:40","slug":"forest-fairy-tale","status":"publish","type":"product","link":"https:\/\/novex.cz\/en\/product\/forest-fairy-tale\/","title":{"rendered":"Forest Fairy Tale"},"content":{"rendered":"<p>M\u00e1te r\u00e1di d\u0159ev\u011bn\u00e9 interi\u00e9ry? Obkladov\u00fd panel ABITIBI Plus je jasn\u00e1 volba.<\/p>\n<p>Jedn\u00e1 se o d\u0159evovl\u00e1knitou deskou s povrchovou \u00fapravou d\u0159ev\u011bn\u00e9ho obkladu.<\/p>\n<p>Ide\u00e1ln\u00ed do vstupn\u00edch hal venkovsk\u00fdch chalup, horsk\u00fdch hotel\u016f, mysliveck\u00fdch sal\u00f3n\u016f nebo t\u0159eba d\u011btsk\u00fdch pokoj\u00ed\u010dk\u016f.<\/p>\n<p><strong>Sytost barvy produktu se m\u016f\u017ee lehce li\u0161it s ohledem na sv\u011btlo v ateli\u00e9ru nebo rozli\u0161en\u00ed Va\u0161eho za\u0159\u00edzen\u00ed.\u00a0<\/strong><\/p>\n<p>\u010ct\u011bte pozorn\u011b <a href=\"\/wp-content\/uploads\/2021\/05\/instalacni-navod-ABITIBI-ABITIBI-Plus-2021.pdf\" target=\"_blank\" rel=\"noopener\">instala\u010dn\u00ed n\u00e1vod<\/a>.<\/p>\n","protected":false},"excerpt":{"rendered":"<p>obkladov\u00fd panel s povrchovou \u00fapravou d\u0159ev\u011bn\u00e9ho obkladu<\/p>\n<p>ide\u00e1ln\u00ed do horsk\u00fdch chalup, mysliveck\u00fdch s\u00e1l\u016f nebo d\u011btsk\u00fdch kout\u016f<\/p>\n","protected":false},"featured_media":905,"comment_status":"open","ping_status":"closed","template":"","meta":{"_acf_changed":false},"product_brand":[],"product_cat":[51],"product_tag":[],"class_list":{"0":"post-3409","1":"product","2":"type-product","3":"status-publish","4":"has-post-thumbnail","6":"product_cat-panely","7":"product_shipping_class-r","9":"first","10":"instock","11":"taxable","12":"shipping-taxable","13":"purchasable","14":"product-type-simple"},"acf":[],"jetpack_sharing_enabled":true,"_links":{"self":[{"href":"https:\/\/novex.cz\/en\/wp-json\/wp\/v2\/product\/3409","targetHints":{"allow":["GET"]}}],"collection":[{"href":"https:\/\/novex.cz\/en\/wp-json\/wp\/v2\/product"}],"about":[{"href":"https:\/\/novex.cz\/en\/wp-json\/wp\/v2\/types\/product"}],"replies":[{"embeddable":true,"href":"https:\/\/novex.cz\/en\/wp-json\/wp\/v2\/comments?post=3409"}],"wp:featuredmedia":[{"embeddable":true,"href":"https:\/\/novex.cz\/en\/wp-json\/wp\/v2\/media\/905"}],"wp:attachment":[{"href":"https:\/\/novex.cz\/en\/wp-json\/wp\/v2\/media?parent=3409"}],"wp:term":[{"taxonomy":"product_brand","embeddable":true,"href":"https:\/\/novex.cz\/en\/wp-json\/wp\/v2\/product_brand?post=3409"},{"taxonomy":"product_cat","embeddable":true,"href":"https:\/\/novex.cz\/en\/wp-json\/wp\/v2\/product_cat?post=3409"},{"taxonomy":"product_tag","embeddable":true,"href":"https:\/\/novex.cz\/en\/wp-json\/wp\/v2\/product_tag?post=3409"}],"curies":[{"name":"wp","href":"https:\/\/api.w.org\/{rel}","templated":true}]}}