{"id":3279,"date":"2021-05-10T13:41:25","date_gmt":"2021-05-10T13:41:25","guid":{"rendered":"https:\/\/novex.cz\/?post_type=product&#038;p=3279"},"modified":"2021-05-10T13:45:53","modified_gmt":"2021-05-10T13:45:53","slug":"capri-stone","status":"publish","type":"product","link":"https:\/\/novex.cz\/en\/product\/capri-stone\/","title":{"rendered":"Capri stone"},"content":{"rendered":"<p>Panel ABITIBI Plus je nov\u00e1 \u0159ada d\u0159evovl\u00e1knit\u00fdch desek slou\u017e\u00edc\u00ed k oblo\u017een\u00ed st\u011bn v\u0161ech typ\u016f interi\u00e9r\u016f. Panel v povrchov\u00e9 \u00faprav\u011b kamene. Jejich konstrukce nab\u00edz\u00ed \u0161irok\u00e9 mo\u017enosti vyu\u017eit\u00ed p\u0159i rekonstrukci interi\u00e9r\u016f.<\/p>\n","protected":false},"excerpt":{"rendered":"<p>Panel ABITIBI Plus je nov\u00e1 \u0159ada d\u0159evovl\u00e1knit\u00fdch desek slou\u017e\u00edc\u00ed k oblo\u017een\u00ed st\u011bn v\u0161ech typ\u016f interi\u00e9r\u016f. Panel v povrchov\u00e9 \u00faprav\u011b kamene. Jejich konstrukce nab\u00edz\u00ed \u0161irok\u00e9 mo\u017enosti vyu\u017eit\u00ed p\u0159i rekonstrukci interi\u00e9r\u016f.<\/p>\n","protected":false},"featured_media":3156,"comment_status":"open","ping_status":"closed","template":"","meta":{"_acf_changed":false},"product_brand":[],"product_cat":[69],"product_tag":[63],"class_list":{"0":"post-3279","1":"product","2":"type-product","3":"status-publish","4":"has-post-thumbnail","6":"product_cat-panels-en","7":"product_tag-new-en","9":"first","10":"instock","11":"sale","12":"taxable","13":"shipping-taxable","14":"purchasable","15":"product-type-simple"},"acf":[],"jetpack_sharing_enabled":true,"_links":{"self":[{"href":"https:\/\/novex.cz\/en\/wp-json\/wp\/v2\/product\/3279","targetHints":{"allow":["GET"]}}],"collection":[{"href":"https:\/\/novex.cz\/en\/wp-json\/wp\/v2\/product"}],"about":[{"href":"https:\/\/novex.cz\/en\/wp-json\/wp\/v2\/types\/product"}],"replies":[{"embeddable":true,"href":"https:\/\/novex.cz\/en\/wp-json\/wp\/v2\/comments?post=3279"}],"wp:featuredmedia":[{"embeddable":true,"href":"https:\/\/novex.cz\/en\/wp-json\/wp\/v2\/media\/3156"}],"wp:attachment":[{"href":"https:\/\/novex.cz\/en\/wp-json\/wp\/v2\/media?parent=3279"}],"wp:term":[{"taxonomy":"product_brand","embeddable":true,"href":"https:\/\/novex.cz\/en\/wp-json\/wp\/v2\/product_brand?post=3279"},{"taxonomy":"product_cat","embeddable":true,"href":"https:\/\/novex.cz\/en\/wp-json\/wp\/v2\/product_cat?post=3279"},{"taxonomy":"product_tag","embeddable":true,"href":"https:\/\/novex.cz\/en\/wp-json\/wp\/v2\/product_tag?post=3279"}],"curies":[{"name":"wp","href":"https:\/\/api.w.org\/{rel}","templated":true}]}}