{"id":3525,"date":"2021-08-31T08:43:46","date_gmt":"2021-08-31T08:43:46","guid":{"rendered":"https:\/\/novex.cz\/?post_type=product&#038;p=3525"},"modified":"2021-10-12T12:33:35","modified_gmt":"2021-10-12T12:33:35","slug":"vnitrni-roh-pw-600","status":"publish","type":"product","link":"https:\/\/novex.cz\/de\/produkt\/vnitrni-roh-pw-600\/","title":{"rendered":"Vnit\u0159n\u00ed roh PW 600"},"content":{"rendered":"<p>materi\u00e1l PVC<\/p>\n","protected":false},"excerpt":{"rendered":"<p>materi\u00e1l PVC<\/p>\n","protected":false},"featured_media":1125,"comment_status":"open","ping_status":"closed","template":"","meta":{"_acf_changed":false},"product_brand":[],"product_cat":[54],"product_tag":[],"class_list":{"0":"post-3525","1":"product","2":"type-product","3":"status-publish","4":"has-post-thumbnail","6":"product_cat-listy","8":"first","9":"instock","10":"taxable","11":"shipping-taxable","12":"purchasable","13":"product-type-simple"},"acf":[],"jetpack_sharing_enabled":true,"_links":{"self":[{"href":"https:\/\/novex.cz\/de\/wp-json\/wp\/v2\/product\/3525","targetHints":{"allow":["GET"]}}],"collection":[{"href":"https:\/\/novex.cz\/de\/wp-json\/wp\/v2\/product"}],"about":[{"href":"https:\/\/novex.cz\/de\/wp-json\/wp\/v2\/types\/product"}],"replies":[{"embeddable":true,"href":"https:\/\/novex.cz\/de\/wp-json\/wp\/v2\/comments?post=3525"}],"wp:featuredmedia":[{"embeddable":true,"href":"https:\/\/novex.cz\/de\/wp-json\/wp\/v2\/media\/1125"}],"wp:attachment":[{"href":"https:\/\/novex.cz\/de\/wp-json\/wp\/v2\/media?parent=3525"}],"wp:term":[{"taxonomy":"product_brand","embeddable":true,"href":"https:\/\/novex.cz\/de\/wp-json\/wp\/v2\/product_brand?post=3525"},{"taxonomy":"product_cat","embeddable":true,"href":"https:\/\/novex.cz\/de\/wp-json\/wp\/v2\/product_cat?post=3525"},{"taxonomy":"product_tag","embeddable":true,"href":"https:\/\/novex.cz\/de\/wp-json\/wp\/v2\/product_tag?post=3525"}],"curies":[{"name":"wp","href":"https:\/\/api.w.org\/{rel}","templated":true}]}}