{"id":469,"date":"2019-01-31T20:06:13","date_gmt":"2019-01-31T20:06:13","guid":{"rendered":"https:\/\/www.novex.cz\/?page_id=469"},"modified":"2021-07-20T17:14:46","modified_gmt":"2021-07-20T17:14:46","slug":"privacy-policy","status":"publish","type":"page","link":"https:\/\/novex.cz\/de\/privacy-policy\/","title":{"rendered":"Ochrana osobn\u00edch \u00fadaj\u016f"},"content":{"rendered":"\n<p><strong>PRAVIDLA POU\u017d\u00cdV\u00c1N\u00cd COOKIES A OCHRANA SOUKROM\u00cd<\/strong><\/p>\n\n\n\n<p><strong>PRAVIDLA POU\u017d\u00cdV\u00c1N\u00cd COOKIES NOVEX.CZ<\/strong><\/p>\n\n\n\n<p>Na\u0161e spole\u010dnost NOVEX Praha s.r.o., I\u010cO 45787671, se s\u00eddlem Bruncl\u00edkova 1875\/17, 162 00 Praha 6 \u2013 B\u0159evnov (d\u00e1le jen \u201eNOVEX Praha\u201c), provozuje webov\u00e9 str\u00e1nky www.novex.cz, kter\u00e9 stejn\u011b jako v\u0161echny ostatn\u00ed webov\u00e9 str\u00e1nky na Va\u0161e za\u0159\u00edzen\u00ed (nap\u0159. stoln\u00ed po\u010d\u00edta\u010d, laptop, tablet nebo chytr\u00fd telefon) p\u0159i Va\u0161\u00ed n\u00e1v\u0161t\u011bv\u011b v&nbsp;souladu s&nbsp;obecn\u011b z\u00e1vazn\u00fdmi pr\u00e1vn\u00edmi p\u0159edpisy ukl\u00e1daj\u00ed soubory tzv. cookies. Abychom co nejv\u00edce zaru\u010dili Va\u0161e soukrom\u00ed a z\u00e1rove\u0148 u\u017eivatelskou p\u0159\u00edv\u011btivost na\u0161ich webov\u00fdch str\u00e1nek, na n\u00e1sleduj\u00edc\u00edch \u0159\u00e1dk\u00e1ch V\u00e1m p\u0159ibl\u00ed\u017e\u00edme, k&nbsp;\u010demu cookies slou\u017e\u00ed, jak\u00e9 a pro\u010d je vyu\u017e\u00edv\u00e1me a jak m\u016f\u017eete jejich pou\u017e\u00edv\u00e1n\u00ed zak\u00e1zat.<\/p>\n\n\n\n<p><strong>Co to jsou cookies?<\/strong><\/p>\n\n\n\n<p>Cookie je mal\u00fd textov\u00fd datov\u00fd soubor, kter\u00fd vznikne, kdy\u017e nav\u0161t\u00edv\u00edte jakoukoli webovou str\u00e1nku, a kter\u00fd si V\u00e1\u0161 internetov\u00fd prohl\u00ed\u017ee\u010d trvale ukl\u00e1d\u00e1 do historie. C\u00edlem cookies je vylep\u0161it mo\u017enosti vyu\u017e\u00edv\u00e1n\u00ed webov\u00fdch str\u00e1nek, aby byly celkov\u011b u\u017eivatelsky p\u0159\u00edjemn\u011bj\u0161\u00ed, efektivn\u011bj\u0161\u00ed a bezpe\u010dn\u011bj\u0161\u00ed. D\u00edky t\u011bmto soubor\u016fm se str\u00e1nky, na kter\u00fdch jste u\u017e byli (ze stejn\u00e9ho za\u0159\u00edzen\u00ed, p\u0159es stejn\u00fd internetov\u00fd prohl\u00ed\u017ee\u010d), nap\u0159\u00edklad rychleji na\u010d\u00edtaj\u00ed, nebo si pamatuj\u00ed, jak\u00e9 \u00fakony jste provedli (nap\u0159. obsah ko\u0161\u00edku, p\u0159ihl\u00e1\u0161en\u00ed apod.), tak\u017ee p\u0159i dal\u0161\u00ed n\u00e1v\u0161t\u011bv\u011b nemus\u00edte tyto \u00fadaje zad\u00e1vat znovu a Va\u0161e n\u00e1v\u0161t\u011bva tak bude snaz\u0161\u00ed a&nbsp;produktivn\u011bj\u0161\u00ed.&nbsp;Cookies d\u00e1le umo\u017e\u0148uj\u00ed analyzovat n\u00e1v\u0161t\u011bvnost str\u00e1nek a chov\u00e1n\u00ed u\u017eivatel\u016f na webu, poskytovat funkce soci\u00e1ln\u00edch s\u00edt\u00ed, ochr\u00e1nit Va\u0161e data, personalizovat obsah a marketingov\u00e1 sd\u011blen\u00ed a&nbsp;dal\u0161\u00ed nastaven\u00ed. To v\u0161e n\u00e1m umo\u017e\u0148uje u\u010dinit na\u0161e webov\u00e9 str\u00e1nky co nejp\u0159\u00edjemn\u011bj\u0161\u00ed a pro n\u00e1v\u0161t\u011bvn\u00edka zaj\u00edmav\u00e9.&nbsp;<\/p>\n\n\n\n<p>Cookies nen\u00ed t\u0159eba se ob\u00e1vat. Pomoc\u00ed cookies lze pro v\u011bt\u0161\u00ed pohodl\u00ed u\u017eivatele l\u00e9pe vystav\u011bt webov\u00e9 str\u00e1nky a op\u011btovn\u011b rozpoznat u\u017eivatele, nikoliv v\u0161ak jako konkr\u00e9tn\u00ed osobu, n\u00fdbr\u017e jako n\u011bkoho, v jeho\u017e prohl\u00ed\u017ee\u010di byly zm\u00edn\u011bn\u00e9 cookies ulo\u017eeny. Cookies ale p\u0159esto nejsou pro po\u010d\u00edta\u010d nebezpe\u010dn\u00e9, nebo\u0165 nemohou p\u0159en\u00e1\u0161et viry ani na\u010d\u00edtat data z pevn\u00e9ho disku. Cookies jsou zpracov\u00e1ny zejm\u00e9na provozovateli server\u016f nebo p\u0159\u00edslu\u0161n\u00fdch webov\u00fdch str\u00e1nek a d\u00e1le provozovateli reklamn\u00edch syst\u00e9m\u016f, kter\u00e9 jsou pou\u017eity na p\u0159\u00edslu\u0161n\u00fdch webov\u00fdch str\u00e1nk\u00e1ch. Cookies jsou zpracov\u00e1v\u00e1ny po dobu nezbytn\u011b nutnou k jejich vyu\u017eit\u00ed, maxim\u00e1ln\u011b v\u0161ak po dobu 1 roku ode dne vytvo\u0159en\u00ed souboru cookie. Ukl\u00e1d\u00e1n\u00ed cookies do Va\u0161eho za\u0159\u00edzen\u00ed lze ve v\u011bt\u0161in\u011b internetov\u00fdch prohl\u00ed\u017ee\u010d\u016f zak\u00e1zat.<\/p>\n\n\n\n<p>NOVEX Praha samoz\u0159ejm\u011b respektuje ochranu Va\u0161eho soukrom\u00ed. Proto v\u00e1m r\u00e1di \u0159ekneme, jak\u00e9 cookies pou\u017e\u00edv\u00e1me, stejn\u011b jako V\u00e1m porad\u00edme, jak zabr\u00e1n\u00edte ulo\u017een\u00ed cookies ve Va\u0161em za\u0159\u00edzen\u00ed a jak\u00e9 dopady to pro V\u00e1s, jako u\u017eivatele na\u0161ich webov\u00fdch str\u00e1nek, bude m\u00edt.&nbsp;<\/p>\n\n\n\n<p><strong>Jak\u00e9 cookies NOVEX Praha pou\u017e\u00edv\u00e1 a pro\u010d?<\/strong><\/p>\n\n\n\n<p>Na\u0161e webov\u00e9 str\u00e1nky pou\u017e\u00edvaj\u00ed cookies, aby V\u00e1m zjednodu\u0161ily Va\u0161i n\u00e1v\u0161t\u011bvu. Cookies p\u0159edev\u0161\u00edm ukl\u00e1daj\u00ed V\u00e1mi zvolen\u00e1 nastaven\u00ed (nap\u0159. v dan\u00fd moment aktivn\u00ed z\u00e1kaznick\u00fd \u00fa\u010det nebo n\u00e1kupn\u00ed ko\u0161\u00edk). Cookies jsou tak nap\u0159. nezbytn\u00e9 pro V\u00e1\u0161 n\u00e1kup v na\u0161em e-shopu (bez ulo\u017een\u00fdch cookies nelze vlo\u017eit zbo\u017e\u00ed do n\u00e1kupn\u00edho ko\u0161\u00edku a u\u010dinit on-line objedn\u00e1vku). D\u00e1le cookies pou\u017e\u00edv\u00e1me pro statistick\u00e9 \u00fa\u010dely.<\/p>\n\n\n\n<p>Pou\u017e\u00edv\u00e1me i cookies t\u0159et\u00edch stran, a to nap\u0159. pro anal\u00fdzu n\u00e1v\u0161t\u011bvnosti \u010di p\u0159esn\u011bj\u0161\u00ed c\u00edlen\u00ed reklamy apod. Tyto cookies jsou \u0159\u00edzeny t\u0159et\u00edmi stranami a na\u0161e spole\u010dnost nem\u00e1 p\u0159\u00edstup ke \u010dten\u00ed nebo z\u00e1pisu t\u011bchto dat.<\/p>\n\n\n\n<p>V n\u00e1sleduj\u00edc\u00edm p\u0159ehledu naleznete, jak\u00e9 druhy cookies na\u0161e spole\u010dnost na sv\u00fdch webov\u00fdch str\u00e1nk\u00e1ch pou\u017e\u00edv\u00e1 a jak\u00e9 funkce maj\u00ed tyto cookies.<\/p>\n\n\n\n<p><strong>technick\u00e9\/esenci\u00e1ln\u00ed cookies<\/strong><\/p>\n\n\n\n<p>Tyto cookies jsou nezbytn\u011b nutn\u00e9 pro zaji\u0161\u0165ov\u00e1n\u00ed provozu a z\u00e1kladn\u00edch funkc\u00ed webov\u00fdch str\u00e1nek NOVEX Praha, tj. ke spr\u00e1vn\u00e9mu fungov\u00e1n\u00ed internetov\u00e9ho obchodu. D\u00edky nim je mo\u017en\u00e9 se p\u0159ihl\u00e1sit a&nbsp;prov\u00e9st objedn\u00e1vku.&nbsp;<\/p>\n\n\n\n<p><strong>funk\u010dn\u00ed cookies<\/strong><\/p>\n\n\n\n<p>Tyto soubory cookies zvy\u0161uj\u00ed komfort u\u017e\u00edv\u00e1n\u00ed na\u0161ich str\u00e1nek a shroma\u017e\u010fuj\u00ed informace o chov\u00e1n\u00ed u\u017eivatele. Umo\u017e\u0148uj\u00ed nap\u0159\u00edklad pamatovat si Va\u0161e p\u0159ihla\u0161ovac\u00ed \u00fadaje a z\u016fstat d\u00edky nim p\u0159ihl\u00e1\u0161en ve sv\u00e9m \u00fa\u010dtu, zajistit bezpe\u010dnost t\u011bchto \u00fadaj\u016f a zajistit konzistenci vzhledu na\u0161ich str\u00e1nek, pamatovat si Va\u0161e preference a podobn\u011b. Tyto cookies se po ukon\u010den\u00ed prohl\u00ed\u017een\u00ed webu nevyma\u017eou.<\/p>\n\n\n\n<p><strong>analytick\u00e9\/statistick\u00e9 cookies<\/strong><\/p>\n\n\n\n<p>Tyto cookies shroma\u017e\u010fuj\u00ed informace o tom, jak\u00fdm zp\u016fsobem webov\u00e9 str\u00e1nky pou\u017e\u00edv\u00e1te, a pom\u00e1haj\u00ed n\u00e1m vyhodnotit, jak kvalitn\u011b m\u00e1me str\u00e1nky zpracovan\u00e9, jak se V\u00e1m nakupuje, abychom n\u00e1sledn\u011b mohli zlep\u0161it jejich vzhled, obsah a funkce. D\u00edky nim v\u00edme, odkud k&nbsp;n\u00e1m p\u0159ich\u00e1z\u00edte, kter\u00e9 produkty a \u010dl\u00e1nky V\u00e1s zaj\u00edmaj\u00ed a zda t\u0159eba net\u00e1pete v&nbsp;n\u00e1kupn\u00edm ko\u0161\u00edku. Data z&nbsp;t\u011bchto cookies m\u00e1me v&nbsp;anonymizovan\u00e9 podob\u011b a slou\u017e\u00ed n\u00e1m ke statistick\u00fdm \u00fa\u010del\u016fm.<\/p>\n\n\n\n<p><strong>marketingov\u00e9 cookies<\/strong><\/p>\n\n\n\n<p>Tyto cookies umo\u017e\u0148uj\u00ed na\u0161\u00ed spole\u010dnosti kontrolovat jej\u00ed reklamn\u00ed nab\u00eddku. Pomoc\u00ed t\u011bchto cookies je mo\u017en\u00e9 zobrazovat n\u00e1v\u0161t\u011bvn\u00edk\u016fm na\u0161ich webov\u00fdch str\u00e1nek p\u0159izp\u016fsobenou reklamu na zbo\u017e\u00ed \u010di slu\u017eby NOVEX Praha, a to na webov\u00fdch str\u00e1nk\u00e1ch sdru\u017een\u00fdch v reklamn\u00edch s\u00edt\u00edch poskytovatel\u016f u\u017e\u00edvan\u00fdch marketingov\u00fdch cookies.<\/p>\n\n\n\n<p><strong>Je nutn\u00fd souhlas k&nbsp;ukl\u00e1d\u00e1n\u00ed cookies?<\/strong><\/p>\n\n\n\n<p>Technick\u00e9 cookies jsme opr\u00e1vn\u011bni ukl\u00e1dat do Va\u0161eho za\u0159\u00edzen\u00ed i po vysloven\u00ed Va\u0161eho nesouhlasu. V&nbsp;opa\u010dn\u00e9m p\u0159\u00edpad\u011b by webov\u00e9 str\u00e1nky NOVEX Praha nefungovaly spr\u00e1vn\u011b. K ukl\u00e1d\u00e1n\u00ed v\u0161ech ostatn\u00edch cookies je V\u00e1\u0161 souhlas nutn\u00fd, p\u0159i\u010dem\u017e ud\u011blit jej lze prost\u0159ednictv\u00edm internetov\u00e9ho prohl\u00ed\u017ee\u010de (prohl\u00ed\u017ee\u010d je n\u00e1strojem zprost\u0159edkov\u00e1n\u00ed souhlasu).<\/p>\n\n\n\n<p>V\u011bt\u0161ina internetov\u00fdch prohl\u00ed\u017ee\u010d\u016f ukl\u00e1d\u00e1n\u00ed cookies automaticky podporuje, pokud nen\u00ed prohl\u00ed\u017ee\u010d nastaven jinak. Nav\u0161t\u00edven\u00edm webov\u00fdch str\u00e1nek NOVEX Praha tak automaticky souhlas\u00edte s ukl\u00e1d\u00e1n\u00edm soubor\u016f cookies, leda\u017ee jejich ukl\u00e1d\u00e1n\u00ed v nastaven\u00ed Va\u0161eho internetov\u00e9ho prohl\u00ed\u017ee\u010de omez\u00edte \u010di zablokujete.<\/p>\n\n\n\n<p><strong>Jak upravit vyu\u017e\u00edv\u00e1n\u00ed cookies?<\/strong><\/p>\n\n\n\n<p>Pou\u017e\u00edv\u00e1n\u00ed cookies lze nastavit dle Va\u0161ich p\u0159edstav pomoc\u00ed Va\u0161eho internetov\u00e9ho prohl\u00ed\u017ee\u010de. V r\u00e1mci nastaven\u00ed prohl\u00ed\u017ee\u010de m\u00e1te mo\u017enost jednodu\u0161e a bezplatn\u011b jednotliv\u00e9 cookies ru\u010dn\u011b smazat, blokovat \u010di zcela zak\u00e1zat jejich pou\u017eit\u00ed, p\u0159\u00edpadn\u011b je povolit jen pro ur\u010dit\u00e9 str\u00e1nky. Rozhodnut\u00ed o vyu\u017e\u00edv\u00e1n\u00ed cookies je zcela na V\u00e1s. R\u00e1di bychom V\u00e1s ale upozornili, \u017ee omezen\u00edm ukl\u00e1d\u00e1n\u00ed cookies na\u0161imi str\u00e1nkami se m\u016f\u017ee st\u00e1t, \u017ee n\u011bkter\u00e9 funkce webov\u00fdch str\u00e1nek NOVEX Praha budou omezen\u00e9 (nap\u0159. nebudete moci nakoupit v na\u0161em e-shopu) a celkov\u00e9 u\u017e\u00edv\u00e1n\u00ed bude m\u00e9n\u011b komfortn\u00ed. Nezapome\u0148te tak\u00e9, \u017ee mus\u00edte upravit nastaven\u00ed zvl\u00e1\u0161\u0165 pro ka\u017ed\u00fd internetov\u00fd prohl\u00ed\u017ee\u010d a za\u0159\u00edzen\u00ed, kter\u00e9 pou\u017e\u00edv\u00e1te. V\u00edce informac\u00ed z\u00edsk\u00e1te na webov\u00fdch str\u00e1nk\u00e1ch Va\u0161eho internetov\u00e9ho prohl\u00ed\u017ee\u010de.&nbsp;<\/p>\n\n\n\n<p>Zde, po kliknut\u00ed na n\u00e1zev internetov\u00e9ho prohl\u00ed\u017ee\u010de, naleznete odkazy na n\u00e1vody, jak upravit vyu\u017e\u00edv\u00e1n\u00ed cookies v&nbsp;nejpou\u017e\u00edvan\u011bj\u0161\u00edch prohl\u00ed\u017ee\u010d\u00edch:&nbsp;<\/p>\n\n\n\n<p><a href=\"https:\/\/support.google.com\/chrome\/answer\/95647?co=GENIE.Platform%253DDesktop&amp;hl=cs\">Google Chrome<\/a><\/p>\n\n\n\n<p><a href=\"https:\/\/support.microsoft.com\/cs-cz\/help\/17442\/windows-internet-explorer-delete-manage-cookies\">Internet Explorer<\/a><\/p>\n\n\n\n<p><a href=\"https:\/\/support.mozilla.org\/cs\/kb\/cookies-informace-ktere-si-weby-ukladaji-do-vaseho\">Mozilla Firefox<\/a><\/p>\n\n\n\n<p><a href=\"https:\/\/support.microsoft.com\/cs-cz\/help\/4468242\/microsoft-edge-browsing-data-and-privacy\">Microsoft Edge<\/a><\/p>\n\n\n\n<p><a href=\"https:\/\/help.opera.com\/cs\/latest\/web-preferences\/\">Opera<\/a><\/p>\n\n\n\n<p><a href=\"https:\/\/napoveda.seznam.cz\/cz\/email\/seznam.cz-prohlizec\/smazani-docasnych-souboru-cookies-seznam\/\">Seznam.cz prohl\u00ed\u017ee\u010d<\/a><\/p>\n\n\n\n<p><a href=\"https:\/\/support.apple.com\/cs-cz\/guide\/safari\/manage-cookies-and-website-data-sfri11471\/mac\">Safari<\/a><\/p>\n\n\n\n<p><a href=\"https:\/\/support.google.com\/chrome\/answer\/95647?co=GENIE.Platform%253DAndroid&amp;hl=cs\">Android<\/a><\/p>\n\n\n\n<p>Pokud nechcete cookies ukl\u00e1dat, m\u016f\u017eete jejich pou\u017e\u00edv\u00e1n\u00ed zablokovat na n\u00e1sleduj\u00edc\u00ed adrese&nbsp;<a href=\"https:\/\/www.youronlinechoices.com\/cz\/vase-volby\">http:\/\/www.youronlinechoices.com\/cz\/vase-volby<\/a>&nbsp;(extern\u00ed odkaz).<\/p>\n\n\n\n<p><strong>Vyu\u017e\u00edvaj\u00ed na\u0161e webov\u00e9 str\u00e1nky cookies t\u0159et\u00edch stran?<\/strong><\/p>\n\n\n\n<p>Pou\u017e\u00edv\u00e1me cookies t\u0159et\u00edch stran, kter\u00fdm jsme umo\u017enili um\u00eds\u0165ovat cookies do Va\u0161ich za\u0159\u00edzen\u00ed prost\u0159ednictv\u00edm na\u0161ich webov\u00fdch str\u00e1nek. V r\u00e1mci reklamn\u00edch slu\u017eeb, pro \u00fa\u010dely anal\u00fdzy a optimalizace na\u0161ich str\u00e1nek vyu\u017e\u00edvaj\u00ed na\u0161e webov\u00e9 str\u00e1nky analytick\u00e9 n\u00e1stroje. D\u00edky nim m\u016f\u017eeme realizovat marketingov\u00e9 kampan\u011b, hodnotit chov\u00e1n\u00ed z\u00e1kazn\u00edk\u016f, sledovat a zaznamen\u00e1vat chyby.<\/p>\n\n\n\n<p>Webov\u00e9 str\u00e1nky NOVEX Praha vyu\u017e\u00edvaj\u00ed t\u011bchto slu\u017eeb:<\/p>\n\n\n\n<p>Google Analytics<\/p>\n\n\n\n<p>Slou\u017e\u00ed k hodnocen\u00ed chov\u00e1n\u00ed z\u00e1kazn\u00edk\u016f na na\u0161\u00ed webov\u00e9 str\u00e1nce. U\u017eivatel je hodnocen pouze na z\u00e1klad\u011b cookies. \u017d\u00e1dn\u00e9 dal\u0161\u00ed \u00fadaje pou\u017eity nejsou, a d\u00edky tomu je zaji\u0161t\u011bna u\u017eivatelova anonymita. Pou\u017eit\u00ed tohoto n\u00e1stroje m\u016f\u017eete omezit \u010di mu zabr\u00e1nit v nab\u00eddce \u201enastaven\u00ed reklam\u201c na n\u00e1sleduj\u00edc\u00ed adrese <a href=\"https:\/\/www.google.com\/settings\/ads\">https:\/\/www.google.com\/settings\/ads<\/a>&nbsp;Ochranu soukrom\u00ed a smluvn\u00ed podm\u00ednky Google naleznete zde:&nbsp;<a href=\"https:\/\/www.google.com\/intl\/cs\/policies\/privacy\/\">https:\/\/www.google.com\/intl\/cs\/policies\/privacy\/<\/a>.<\/p>\n\n\n\n<p>Google AdWords<\/p>\n\n\n\n<p>Na na\u0161\u00ed webov\u00e9 str\u00e1nce vyu\u017e\u00edv\u00e1me dynamickou funkci remarketingu reklamn\u00ed slu\u017eby Google AdWords. Tato technologie n\u00e1m umo\u017e\u0148uje po va\u0161\u00ed n\u00e1v\u0161t\u011bv\u011b na\u0161\u00ed webov\u00e9 str\u00e1nky automaticky zaslat reklamu orientuj\u00edc\u00ed se na c\u00edlov\u00e9 skupiny. Reklamy jsou zam\u011b\u0159eny na produkty a slu\u017eby, kter\u00e9 byly v\u00e1mi p\u0159i posledn\u00ed n\u00e1v\u0161t\u011bv\u011b webov\u00e9 str\u00e1nky NOVEX Praha kliknut\u00edm zvoleny. Tyto informace slou\u017e\u00ed pouze k p\u0159i\u0159azen\u00ed webov\u00e9ho prohl\u00ed\u017ee\u010de ur\u010dit\u00e9mu po\u010d\u00edta\u010di. Nemohou b\u00fdt pou\u017eity k identifikaci ur\u010dit\u00e9 osoby. Nechcete-li internetovou reklamu od spole\u010dnosti Google dost\u00e1vat, m\u016f\u017eete zas\u00edl\u00e1n\u00ed reklam op\u011bt na adrese <a href=\"https:\/\/www.google.com\/settings\/ads\">https:\/\/www.google.com\/settings\/ads<\/a>&nbsp;deaktivovat.&nbsp;<\/p>\n\n\n\n<p>Google Search Console<\/p>\n\n\n\n<p>Slu\u017eba od spole\u010dnosti Google, kter\u00e1 usnad\u0148uje sledov\u00e1n\u00ed a&nbsp;spr\u00e1vu p\u0159\u00edtomnosti webov\u00e9 str\u00e1nky ve v\u00fdsledc\u00edch Vyhled\u00e1v\u00e1n\u00ed Google a&nbsp;odstra\u0148ov\u00e1n\u00ed souvisej\u00edc\u00edch probl\u00e9m\u016f. Podrobn\u011bj\u0161\u00ed informace o sb\u011bru dat ze strany Google najdete p\u0159\u00edmo na&nbsp;jejich str\u00e1nk\u00e1ch&nbsp;<a href=\"https:\/\/www.google.com\/intl\/cs\/policies\/privacy\/\">https:\/\/www.google.com\/intl\/cs\/policies\/privacy\/<\/a>.<\/p>\n\n\n\n<p>Sklik<\/p>\n\n\n\n<p>N\u00e1stroj pro m\u011b\u0159en\u00ed efektivnosti marketingov\u00e9 on-line komunikace a pro efektivn\u011bj\u0161\u00ed c\u00edlen\u00ed on-line reklamy na vyhled\u00e1va\u010di&nbsp;<a href=\"http:\/\/www.seznam.cz\/\">www.seznam.cz<\/a>.<\/p>\n\n\n\n<p>Soci\u00e1ln\u00ed s\u00edt\u011b<\/p>\n\n\n\n<p>Za \u00fa\u010delem p\u0159esn\u011bj\u0161\u00edho c\u00edlen\u00ed reklamy na soci\u00e1ln\u00edch s\u00edt\u00edch p\u0159ed\u00e1v\u00e1me na\u0161im d\u016fv\u011bryhodn\u00fdm partner\u016fm (reklamn\u00edm a soci\u00e1ln\u00edm s\u00edt\u00edm) informace o va\u0161em chov\u00e1n\u00ed na na\u0161ich webov\u00fdch str\u00e1nk\u00e1ch. Tato data neobsahuj\u00ed va\u0161e identifika\u010dn\u00ed \u00fadaje. K t\u011bmto \u00fa\u010del\u016fm pou\u017e\u00edv\u00e1me platformu Facebook a n\u00e1stroje Facebooku pro firmy. V\u00edce informac\u00ed zde:&nbsp;<a href=\"https:\/\/cs-cz.facebook.com\/policies\/cookies\/\">https:\/\/cs-cz.facebook.com\/policies\/cookies\/<\/a>.<\/p>\n","protected":false},"excerpt":{"rendered":"<p>PRAVIDLA POU\u017d\u00cdV\u00c1N\u00cd COOKIES A OCHRANA SOUKROM\u00cd PRAVIDLA POU\u017d\u00cdV\u00c1N\u00cd COOKIES NOVEX.CZ Na\u0161e spole\u010dnost NOVEX Praha s.r.o., I\u010cO 45787671, se s\u00eddlem Bruncl\u00edkova 1875\/17, 162 00 Praha 6 \u2013 B\u0159evnov (d\u00e1le jen \u201eNOVEX Praha\u201c), provozuje webov\u00e9 str\u00e1nky www.novex.cz, kter\u00e9 stejn\u011b jako v\u0161echny ostatn\u00ed webov\u00e9 str\u00e1nky na Va\u0161e za\u0159\u00edzen\u00ed (nap\u0159. stoln\u00ed po\u010d\u00edta\u010d, laptop, tablet nebo chytr\u00fd telefon) p\u0159i Va\u0161\u00ed [&hellip;]<\/p>\n","protected":false},"author":19,"featured_media":0,"parent":0,"menu_order":0,"comment_status":"closed","ping_status":"open","template":"","meta":{"_acf_changed":false,"footnotes":""},"class_list":["post-469","page","type-page","status-publish","hentry"],"acf":[],"jetpack_sharing_enabled":true,"_links":{"self":[{"href":"https:\/\/novex.cz\/de\/wp-json\/wp\/v2\/pages\/469","targetHints":{"allow":["GET"]}}],"collection":[{"href":"https:\/\/novex.cz\/de\/wp-json\/wp\/v2\/pages"}],"about":[{"href":"https:\/\/novex.cz\/de\/wp-json\/wp\/v2\/types\/page"}],"author":[{"embeddable":true,"href":"https:\/\/novex.cz\/de\/wp-json\/wp\/v2\/users\/19"}],"replies":[{"embeddable":true,"href":"https:\/\/novex.cz\/de\/wp-json\/wp\/v2\/comments?post=469"}],"version-history":[{"count":0,"href":"https:\/\/novex.cz\/de\/wp-json\/wp\/v2\/pages\/469\/revisions"}],"wp:attachment":[{"href":"https:\/\/novex.cz\/de\/wp-json\/wp\/v2\/media?parent=469"}],"curies":[{"name":"wp","href":"https:\/\/api.w.org\/{rel}","templated":true}]}}