{"id":1482,"date":"2019-04-08T15:11:58","date_gmt":"2019-04-08T15:11:58","guid":{"rendered":"https:\/\/www.novex.cz\/?page_id=1482"},"modified":"2019-04-08T16:53:50","modified_gmt":"2019-04-08T16:53:50","slug":"mikroschweissen","status":"publish","type":"page","link":"https:\/\/novex.cz\/de\/bohemia\/mikroschweissen\/","title":{"rendered":"Mikroschwei\u00dfen"},"content":{"rendered":"\n<p>Ausschlaggebend f\u00fcr das richtige Auftragen einer Chromschicht ist, dass das Teil f\u00fcr das eigentliche Verchromen gut vorbereitet ist \u2013 d. h. metallisch rein, ohne L\u00f6cher, Rillen und andere M\u00e4ngel des Grundmaterials u. \u00e4. Das Chrom kopiert dann n\u00e4mlich nur noch das Material des gelieferten Teils. Uns steht eine einzigartige Technologie zur Verf\u00fcgung, mit der M\u00e4ngel, wie L\u00f6cher und Rillen auf dem Material von Teilen, repariert werden k\u00f6nnen. Durch diesen Mikroschwei\u00dfapparat sparen wir dem Kunden Zeit und Geld, denn sofern sich diese M\u00e4ngel an gelieferten Teilen finden, muss der Kunde bei der Annahme der Teile vor dem Verchromen diese nicht zu einer weiteren Bearbeitung wieder mitnehmen, sondern wir sind in der Lage, diese M\u00e4ngel des Grundmaterials schnell und flexibel bei uns im Betrieb zu reparieren. Der Kunde erspart sich so einen weiteren Transport, die Reparatur des Teils und den anschlie\u00dfenden R\u00fccktransport zu uns, nicht weniger wichtig ist die Zeitersparnis. Die Anlage ist voll mobil, so dass unser Techniker die Reparatur direkt beim Kunden vornehmen kann, und zwar auch im Ausland. Dadurch f\u00e4llt die aufwendige Demontage von Teilen oder das Stoppen einer Anlage oder des gesamten Betriebs weg.<\/p>\n\n\n\n<p>Das Mikroschwei\u00dfen ist ein Prozess des Ausschwei\u00dfens sowohl sehr kleiner Poren, L\u00f6cher und Risse, als auch gr\u00f6\u00dferer und tieferer Besch\u00e4digungen. Bei sehr kleinen M\u00e4ngeln muss ein Mikroskop verwendet werden. Wenn sich der zu reparierende Mangel in einer Chromschicht befindet, ist ein Spezialdraht zu verwenden, der antikorrosive Eigenschaften besitzt. Die Firma NOVEX verwendet das Material 1.4430, das 18,5 % Cr und 12,5 % Ni und weitere Metalle enth\u00e4lt, das \u00e4hnliche Eigenschaften wie Chrom hat und somit die Funktionst\u00fcchtigkeit des gesamten Teils durch die Reparatur nicht gef\u00e4hrdet wird. Nach dem Verschwei\u00dfen muss die Schwei\u00dfnaht manuell mit Diamantfeilen gereinigt werden. Im Fall gr\u00f6\u00dferer Schwei\u00dfn\u00e4hte empfiehlt es sich, z. B. eine Bandschleifmaschine zu verwenden. Wenn die Besch\u00e4digung tiefer ist, sind eine massivere Elektrode und ein gr\u00f6\u00dferer Durchmesser des Schwei\u00dfdrahts zu verwenden. Die Schwei\u00dfvorrichtung erm\u00f6glicht das Umschalten in einen Schwei\u00dfmodus in der Argon-Schutzatmosph\u00e4re, und zwar sehr einfach mithilfe eines Pedals, womit klassische Schwei\u00dfauftr\u00e4ge, Raupen geschaffen werden k\u00f6nnen. Dadurch entsteht allerdings ein r\u00e4umlicher Schwei\u00dfauftrag, dessen Bearbeitung viel anspruchsvoller ist, die gesamte Reparatur unter Nutzung z. B. einer Bandschleifmaschine aber wesentlich beschleunigt und vereinfacht.<\/p>\n\n\n\n<p><a class=\"btn btn-primary\" href=\"https:\/\/www.novex.cz\/de\/bohemia\/#micro-welding\">Zur\u00fcck<\/a><\/p>\n","protected":false},"excerpt":{"rendered":"<p>Ausschlaggebend f\u00fcr das richtige Auftragen einer Chromschicht ist, dass das Teil f\u00fcr das eigentliche Verchromen gut vorbereitet ist \u2013 d. h. metallisch rein, ohne L\u00f6cher, Rillen und andere M\u00e4ngel des Grundmaterials u. \u00e4. Das Chrom kopiert dann n\u00e4mlich nur noch das Material des gelieferten Teils. Uns steht eine einzigartige Technologie zur Verf\u00fcgung, mit der M\u00e4ngel, [&hellip;]<\/p>\n","protected":false},"author":19,"featured_media":0,"parent":460,"menu_order":2,"comment_status":"closed","ping_status":"closed","template":"","meta":{"_acf_changed":false,"footnotes":""},"class_list":["post-1482","page","type-page","status-publish","hentry"],"acf":[],"jetpack_sharing_enabled":true,"_links":{"self":[{"href":"https:\/\/novex.cz\/de\/wp-json\/wp\/v2\/pages\/1482","targetHints":{"allow":["GET"]}}],"collection":[{"href":"https:\/\/novex.cz\/de\/wp-json\/wp\/v2\/pages"}],"about":[{"href":"https:\/\/novex.cz\/de\/wp-json\/wp\/v2\/types\/page"}],"author":[{"embeddable":true,"href":"https:\/\/novex.cz\/de\/wp-json\/wp\/v2\/users\/19"}],"replies":[{"embeddable":true,"href":"https:\/\/novex.cz\/de\/wp-json\/wp\/v2\/comments?post=1482"}],"version-history":[{"count":0,"href":"https:\/\/novex.cz\/de\/wp-json\/wp\/v2\/pages\/1482\/revisions"}],"up":[{"embeddable":true,"href":"https:\/\/novex.cz\/de\/wp-json\/wp\/v2\/pages\/460"}],"wp:attachment":[{"href":"https:\/\/novex.cz\/de\/wp-json\/wp\/v2\/media?parent=1482"}],"curies":[{"name":"wp","href":"https:\/\/api.w.org\/{rel}","templated":true}]}}