{"id":1459,"date":"2019-04-08T14:59:47","date_gmt":"2019-04-08T14:59:47","guid":{"rendered":"https:\/\/www.novex.cz\/?page_id=1459"},"modified":"2019-04-08T16:33:50","modified_gmt":"2019-04-08T16:33:50","slug":"hartverchromen","status":"publish","type":"page","link":"https:\/\/novex.cz\/de\/bohemia\/hartverchromen\/","title":{"rendered":"Hartverchromen"},"content":{"rendered":"\n<p>Das Hartverchromen ist eine Oberfl\u00e4chenbehandlung, die sich durch hohe\nVerschlei\u00dffestigkeit, H\u00e4rte, Korrosionsbest\u00e4ndigkeit und extreme Temperaturresistenz\nauszeichnet. Das Hartverchromen entspricht den speziellen Anforderungen des\nMaschinenbaus. Es l\u00e4sst sich nicht durch k\u00fcnstliches (dekoratives) Glanzverchromen\nersetzen.<br>\nDas Verchromungswerk hat zwei Betriebe. Im ersten Betrieb k\u00f6nnen wir Teile mit\neinem&nbsp;<strong>Durchmesser von bis zu 200 mm und einer L\u00e4nge von bis zu 2 200 mm<\/strong>\nverchromen. Selbstverst\u00e4ndlich verchromen wir auch Kleinteile. In diesem\nBetrieb realisieren wir Einzelauftr\u00e4ge wie auch Auftr\u00e4ge in kleinen und\ngr\u00f6\u00dferen Serien.<br>\nIm zweiten Betrieb k\u00f6nnen wir Teile bis zu einem <strong>Durchmesser von 550 mm und\neiner L\u00e4nge von 7 500 mm<\/strong> verchromen. Wir sind das einzige Unternehmen in\nTschechien, das in der Lage ist, derart gro\u00dfe Teile zu verchromen.<br>\nAls einziges Verchromungswerk seiner Art in Tschechien arbeiten wir\neigenst\u00e4ndig; andere Verchromungswerke sind Bestandteil von\nProduktionsunternehmen. Somit k\u00f6nnen wir flexibel auf Kundenw\u00fcnsche reagieren,\nvor allem was die Lieferzeit betrifft.<\/p>\n\n\n\n<p>Bei Teilen von \u00fcber 3&nbsp;800 mm L\u00e4nge m\u00fcssen wir zweimal verchromen (das\nTeil drehen), in der Mittel des Teils entsteht dann eine Doppelschicht, die\nanschlie\u00dfend nachpoliert oder nachgeschliffen werden muss. <\/p>\n\n\n\n<p><strong>Qualit\u00e4t der erbrachten Dienstleistungen<\/strong><\/p>\n\n\n\n<p>Die Hauptpriorit\u00e4t des Unternehmens ist die termingerechte Erf\u00fcllung der\nKundenw\u00fcnsche in der verlangten Qualit\u00e4t der Dienstleistungen. Die Qualit\u00e4t der\nerbrachten Dienstleistungen ist der ausschlaggebende Faktor f\u00fcr die\nZufriedenheit der Kunden und den Aufbau eines guten Namens der Firma. Hiermit\nverpflichtet sich NOVEX Bohemia s. r. o. zur Erf\u00fcllung der Anforderungen der ISO-Normen\nund zu einer st\u00e4ndigen Verbesserung. Unsere Mitarbeiter haben langj\u00e4hrige\nErfahrungen im Bereich Oberfl\u00e4chenbehandlungen und geh\u00f6ren, ohne zu\n\u00fcbertreiben, zu den gr\u00f6\u00dften Experten f\u00fcr das Hartverchromen und damit\nzusammenh\u00e4ngende T\u00e4tigkeiten. Unsere erbrachten\nDienstleistungen erweitern wir st\u00e4ndig um neue Technologien, um dem Kunden\nkomplexe L\u00f6sungen in vielen Varianten anbieten zu k\u00f6nnen, und dies nicht nur\nbei neuen Teilen, sondern auch bei Reparaturen und Instandsetzungen. <\/p>\n\n\n\n<p><strong>Umwelt<\/strong><\/p>\n\n\n\n<p>Das Unternehmen achtet auf die strikte Einhaltung des Gesetzes in puncto\nUmweltschutz, Arbeitssicherheit der Mitarbeiter und Abfallwirtschaft. Regelm\u00e4\u00dfig\nwerden in der Betriebsst\u00e4tte Messungen der Konzentration gef\u00e4hrlicher Stoffe\nvorgenommen. Wir sind bem\u00fcht, die negativen Auswirkungen auf die Umwelt zu\nminimieren. Das Verchromungswerk Slan\u00fd ist an das System kommunaler\nDienstleistungen angeschlossen und erf\u00fcllt die geltenden Emissionsgrenzwerte der\nLuftverschmutzung. S\u00e4mtliche betriebliche T\u00e4tigkeit wird fortlaufend durch eine\nexterne autorisierte Person \u00fcberwacht und kontrolliert, die die Aufsicht \u00fcber\ns\u00e4mtliche T\u00e4tigkeiten bez\u00fcglich des Umweltschutzes, der Hygiene, der\nArbeitssicherheit und der Abfallwirtschaft sicherstellt.<\/p>\n\n\n\n<p><strong>Labor <\/strong><\/p>\n\n\n\n<p>Wir verf\u00fcgen auch\n\u00fcber ein eigenes Labor, in dem wir regelm\u00e4\u00dfig alle Bewertungen und Analysen des\nZustands der galvanischen B\u00e4der selbst durchf\u00fchren, so dass wir flexibel auf\njegliche Ver\u00e4nderungen reagieren und so die B\u00e4der im vorgeschriebenen idealen\nZustand halten k\u00f6nnen. <\/p>\n\n\n\n<p><strong>Referenzen<\/strong><\/p>\n\n\n\n<p>Wir verchromen\nf\u00fcr alle wichtigen tschechischen Maschinenbauunternehmen wie auch f\u00fcr\nausl\u00e4ndische Firmen. Der absolut gr\u00f6\u00dfte Teil unserer Auftr\u00e4ge ist f\u00fcr den Export\nbestimmt, da auch ein Gro\u00dfteil der Auftr\u00e4ge unserer tschechischen Kunden f\u00fcr\nden Export nach Westeuropa bestimmt ist.<\/p>\n\n\n\n<p><strong>\u010cSP\u00da<\/strong><\/p>\n\n\n\n<p>NOVEX Bohemia\ns.r.o. ist Mitglied des Fachverbands Tschechische Gesellschaft f\u00fcr\nOberfl\u00e4chenbehandlung (\u010cSP\u00da), die Unternehmen, Institutionen und Mitarbeiter\naus dem Bereich Oberfl\u00e4chenbehandlung vereint. <\/p>\n\n\n\n<p><a class=\"btn btn-primary\" href=\"\/de\/bohemia\/#hard-chrome-plating\">Zur\u00fcck<\/a><br><\/p>\n","protected":false},"excerpt":{"rendered":"<p>Das Hartverchromen ist eine Oberfl\u00e4chenbehandlung, die sich durch hohe Verschlei\u00dffestigkeit, H\u00e4rte, Korrosionsbest\u00e4ndigkeit und extreme Temperaturresistenz auszeichnet. Das Hartverchromen entspricht den speziellen Anforderungen des Maschinenbaus. Es l\u00e4sst sich nicht durch k\u00fcnstliches (dekoratives) Glanzverchromen ersetzen. Das Verchromungswerk hat zwei Betriebe. Im ersten Betrieb k\u00f6nnen wir Teile mit einem&nbsp;Durchmesser von bis zu 200 mm und einer L\u00e4nge von [&hellip;]<\/p>\n","protected":false},"author":19,"featured_media":0,"parent":460,"menu_order":1,"comment_status":"closed","ping_status":"closed","template":"","meta":{"_acf_changed":false,"footnotes":""},"class_list":["post-1459","page","type-page","status-publish","hentry"],"acf":[],"jetpack_sharing_enabled":true,"_links":{"self":[{"href":"https:\/\/novex.cz\/de\/wp-json\/wp\/v2\/pages\/1459","targetHints":{"allow":["GET"]}}],"collection":[{"href":"https:\/\/novex.cz\/de\/wp-json\/wp\/v2\/pages"}],"about":[{"href":"https:\/\/novex.cz\/de\/wp-json\/wp\/v2\/types\/page"}],"author":[{"embeddable":true,"href":"https:\/\/novex.cz\/de\/wp-json\/wp\/v2\/users\/19"}],"replies":[{"embeddable":true,"href":"https:\/\/novex.cz\/de\/wp-json\/wp\/v2\/comments?post=1459"}],"version-history":[{"count":0,"href":"https:\/\/novex.cz\/de\/wp-json\/wp\/v2\/pages\/1459\/revisions"}],"up":[{"embeddable":true,"href":"https:\/\/novex.cz\/de\/wp-json\/wp\/v2\/pages\/460"}],"wp:attachment":[{"href":"https:\/\/novex.cz\/de\/wp-json\/wp\/v2\/media?parent=1459"}],"curies":[{"name":"wp","href":"https:\/\/api.w.org\/{rel}","templated":true}]}}