{"id":1274,"date":"2019-02-28T14:48:14","date_gmt":"2019-02-28T14:48:14","guid":{"rendered":"https:\/\/www.novex.cz\/praha\/kontakty\/"},"modified":"2020-04-17T10:27:44","modified_gmt":"2020-04-17T10:27:44","slug":"kontakte","status":"publish","type":"page","link":"https:\/\/novex.cz\/de\/praha\/kontakte\/","title":{"rendered":"Kontakte"},"content":{"rendered":"\n<h2 class=\"wp-block-heading\">NOVEX Praha s.r.o.<\/h2>\n\n\n\n<p><strong>ID<\/strong>: 45787671<br><strong>USt-IdNr.<\/strong>: CZ45787671<br><br><\/p>\n\n\n\n<div class=\"wp-block-columns has-2-columns is-layout-flex wp-container-core-columns-is-layout-9d6595d7 wp-block-columns-is-layout-flex\">\n<div class=\"wp-block-column is-layout-flow wp-block-column-is-layout-flow\">\n<h3 class=\"wp-block-heading\">Firmensitz<\/h3>\n\n\n\n<p>Brunclikova 1875\/17<br>162 00 Praha 6<br><br><strong>Prokurist<\/strong><br>Dipl.-Ing. Jan Vytras<br><strong>Tel:<\/strong> <a class=\"a-nostyled\" href=\"tel:+420605289767\">+420 605 289 767<\/a><br><strong>E-mail: <\/strong><a class=\"a-nostyled\" href=\"mailto:jan.vytras@novex.cz\">jan.vytras@novex.cz<\/a><br><br><strong>Gesch\u00e4ftsf\u00fchrer<\/strong><br>Dipl.-Ing. Vladimir Vytras<br><strong>Tel:<\/strong> <a class=\"a-nostyled\" href=\"tel:+420603438578\">+420 603 438 578<\/a><br><strong>E-mail:<\/strong> <a class=\"a-nostyled\" href=\"mailto:vladimir.vytras@novex.cz\">vladimir.vytras@novex.cz<\/a><br><br><strong>B\u00fcro<\/strong><br><strong>Tel<\/strong>: <a class=\"a-nostyled\" href=\"tel:235363335\">+420 235 363 335<\/a><br><strong>Fax<\/strong>: +420 235 356 014<br><strong>E-mail<\/strong>: <a class=\"a-nostyled\" href=\"mailto:novex@novex.cz\">novex@novex.cz<\/a><br><br><\/p>\n\n\n\n<h4 class=\"wp-block-heading\">Betriebszeit<\/h4>\n\n\n\n<p>Montag \u2013 Donnerstag: 8 &#8211; 16<br>Freitag: 8 &#8211; 14<\/p>\n<\/div>\n\n\n\n<div class=\"wp-block-column is-layout-flow wp-block-column-is-layout-flow\">\n<h3 class=\"wp-block-heading\">Verkaufslager Knezeves<br><\/h3>\n\n\n\n<p>Na Hlavni silnici 196<br>252 68  Knezeves u Prahy<br>(Gel\u00e4nde der Agrargenossenschaft AGRIVEP)<br><\/p>\n\n\n\n<h4 class=\"wp-block-heading\">Betriebszeit<\/h4>\n\n\n\n<p>Montag: 8 &#8211; 16<br>Mittwoch: 8 &#8211; 16<br><br>ansonsten nach vorheriger vereinbarung<\/p>\n<\/div>\n<\/div>\n","protected":false},"excerpt":{"rendered":"<p>NOVEX Praha s.r.o. ID: 45787671USt-IdNr.: CZ45787671 Firmensitz Brunclikova 1875\/17162 00 Praha 6 ProkuristDipl.-Ing. Jan VytrasTel: +420 605 289 767E-mail: jan.vytras@novex.cz Gesch\u00e4ftsf\u00fchrerDipl.-Ing. Vladimir VytrasTel: +420 603 438 578E-mail: vladimir.vytras@novex.cz B\u00fcroTel: +420 235 363 335Fax: +420 235 356 014E-mail: novex@novex.cz Betriebszeit Montag \u2013 Donnerstag: 8 &#8211; 16Freitag: 8 &#8211; 14 Verkaufslager Knezeves Na Hlavni silnici 196252 68 [&hellip;]<\/p>\n","protected":false},"author":19,"featured_media":0,"parent":457,"menu_order":4,"comment_status":"closed","ping_status":"closed","template":"","meta":{"_acf_changed":false,"footnotes":""},"class_list":["post-1274","page","type-page","status-publish","hentry"],"acf":[],"jetpack_sharing_enabled":true,"_links":{"self":[{"href":"https:\/\/novex.cz\/de\/wp-json\/wp\/v2\/pages\/1274","targetHints":{"allow":["GET"]}}],"collection":[{"href":"https:\/\/novex.cz\/de\/wp-json\/wp\/v2\/pages"}],"about":[{"href":"https:\/\/novex.cz\/de\/wp-json\/wp\/v2\/types\/page"}],"author":[{"embeddable":true,"href":"https:\/\/novex.cz\/de\/wp-json\/wp\/v2\/users\/19"}],"replies":[{"embeddable":true,"href":"https:\/\/novex.cz\/de\/wp-json\/wp\/v2\/comments?post=1274"}],"version-history":[{"count":0,"href":"https:\/\/novex.cz\/de\/wp-json\/wp\/v2\/pages\/1274\/revisions"}],"up":[{"embeddable":true,"href":"https:\/\/novex.cz\/de\/wp-json\/wp\/v2\/pages\/457"}],"wp:attachment":[{"href":"https:\/\/novex.cz\/de\/wp-json\/wp\/v2\/media?parent=1274"}],"curies":[{"name":"wp","href":"https:\/\/api.w.org\/{rel}","templated":true}]}}