{"id":3911,"date":"2022-02-22T16:13:17","date_gmt":"2022-02-22T16:13:17","guid":{"rendered":"https:\/\/novex.cz\/?post_type=product&#038;p=3911"},"modified":"2025-03-24T13:50:23","modified_gmt":"2025-03-24T13:50:23","slug":"lodgewood","status":"publish","type":"product","link":"https:\/\/novex.cz\/cs\/produkt\/lodgewood\/","title":{"rendered":"Lodgewood"},"content":{"rendered":"<p>M\u00e1te r\u00e1di d\u0159ev\u011bn\u00e9 interi\u00e9ry? Obkladov\u00fd panel ABITIBI je jasn\u00e1 volba.<\/p>\n<p>Jedn\u00e1 se o d\u0159evovl\u00e1knitou deskou s povrchovou \u00fapravou d\u0159ev\u011bn\u00e9ho obkladu.<\/p>\n<p>Ide\u00e1ln\u00ed do vstupn\u00edch hal, lo\u017enic, ob\u00fdvac\u00edch pokoj\u016f, v\u00fdloh a dal\u0161\u00edch interi\u00e9r\u016f.<\/p>\n<p><strong>Sytost barvy produktu se m\u016f\u017ee lehce li\u0161it s ohledem na sv\u011btlo v ateli\u00e9ru nebo rozli\u0161en\u00ed Va\u0161eho za\u0159\u00edzen\u00ed.\u00a0<\/strong><\/p>\n<p>\u010ct\u011bte pozorn\u011b <a href=\"\/wp-content\/uploads\/2021\/05\/instalacni-navod-ABITIBI-ABITIBI-Plus-2021.pdf\" target=\"_blank\" rel=\"noopener\">instala\u010dn\u00ed n\u00e1vod<\/a>.<\/p>\n","protected":false},"excerpt":{"rendered":"<p>luxusn\u011b zpracovan\u00e1 MDF deska s povrchovou \u00fapravou d\u0159eva<\/p>\n<p>do v\u0161echny interi\u00e9r\u016f<\/p>\n","protected":false},"featured_media":734,"comment_status":"open","ping_status":"closed","template":"","meta":{"_acf_changed":false},"product_brand":[],"product_cat":[51],"product_tag":[],"class_list":{"0":"post-3911","1":"product","2":"type-product","3":"status-publish","4":"has-post-thumbnail","6":"product_cat-panely","8":"first","9":"instock","10":"taxable","11":"shipping-taxable","12":"purchasable","13":"product-type-simple"},"acf":[],"jetpack_sharing_enabled":true,"_links":{"self":[{"href":"https:\/\/novex.cz\/cs\/wp-json\/wp\/v2\/product\/3911","targetHints":{"allow":["GET"]}}],"collection":[{"href":"https:\/\/novex.cz\/cs\/wp-json\/wp\/v2\/product"}],"about":[{"href":"https:\/\/novex.cz\/cs\/wp-json\/wp\/v2\/types\/product"}],"replies":[{"embeddable":true,"href":"https:\/\/novex.cz\/cs\/wp-json\/wp\/v2\/comments?post=3911"}],"wp:featuredmedia":[{"embeddable":true,"href":"https:\/\/novex.cz\/cs\/wp-json\/wp\/v2\/media\/734"}],"wp:attachment":[{"href":"https:\/\/novex.cz\/cs\/wp-json\/wp\/v2\/media?parent=3911"}],"wp:term":[{"taxonomy":"product_brand","embeddable":true,"href":"https:\/\/novex.cz\/cs\/wp-json\/wp\/v2\/product_brand?post=3911"},{"taxonomy":"product_cat","embeddable":true,"href":"https:\/\/novex.cz\/cs\/wp-json\/wp\/v2\/product_cat?post=3911"},{"taxonomy":"product_tag","embeddable":true,"href":"https:\/\/novex.cz\/cs\/wp-json\/wp\/v2\/product_tag?post=3911"}],"curies":[{"name":"wp","href":"https:\/\/api.w.org\/{rel}","templated":true}]}}