{"id":3403,"date":"2021-06-23T10:41:55","date_gmt":"2021-06-23T10:41:55","guid":{"rendered":"https:\/\/novex.cz\/?post_type=product&#038;p=3403"},"modified":"2025-03-24T13:52:22","modified_gmt":"2025-03-24T13:52:22","slug":"natural-grey-stone","status":"publish","type":"product","link":"https:\/\/novex.cz\/cs\/produkt\/natural-grey-stone\/","title":{"rendered":"Natural Grey Stone"},"content":{"rendered":"<p>Obkladov\u00fd panel ABITIBI Plus vhodn\u00fd do v\u0161ech vnit\u0159n\u00edch typ\u016f interi\u00e9ru.<\/p>\n<p>Jedn\u00e1 se o d\u0159evovl\u00e1knitou deskou s povrchovou \u00fapravou kamene.<\/p>\n<p><strong>Sytost barvy produktu se m\u016f\u017ee lehce li\u0161it s ohledem na sv\u011btlo v ateli\u00e9ru nebo rozli\u0161en\u00ed Va\u0161eho za\u0159\u00edzen\u00ed.\u00a0<\/strong><\/p>\n<p>\u010ct\u011bte pozorn\u011b <a href=\"\/wp-content\/uploads\/2021\/05\/instalacni-navod-ABITIBI-ABITIBI-Plus-2021.pdf\" target=\"_blank\" rel=\"noopener\">instala\u010dn\u00ed n\u00e1vod<\/a>.<\/p>\n","protected":false},"excerpt":{"rendered":"<p>obkladov\u00fd panel imituj\u00edc\u00ed kamenn\u00fd obklad, vhodn\u00fd do v\u0161ech interi\u00e9r\u016f<\/p>\n","protected":false},"featured_media":3128,"comment_status":"open","ping_status":"closed","template":"","meta":{"_acf_changed":false},"product_brand":[],"product_cat":[51],"product_tag":[],"class_list":{"0":"post-3403","1":"product","2":"type-product","3":"status-publish","4":"has-post-thumbnail","6":"product_cat-panely","8":"first","9":"instock","10":"taxable","11":"shipping-taxable","12":"purchasable","13":"product-type-simple"},"acf":[],"jetpack_sharing_enabled":true,"_links":{"self":[{"href":"https:\/\/novex.cz\/cs\/wp-json\/wp\/v2\/product\/3403","targetHints":{"allow":["GET"]}}],"collection":[{"href":"https:\/\/novex.cz\/cs\/wp-json\/wp\/v2\/product"}],"about":[{"href":"https:\/\/novex.cz\/cs\/wp-json\/wp\/v2\/types\/product"}],"replies":[{"embeddable":true,"href":"https:\/\/novex.cz\/cs\/wp-json\/wp\/v2\/comments?post=3403"}],"wp:featuredmedia":[{"embeddable":true,"href":"https:\/\/novex.cz\/cs\/wp-json\/wp\/v2\/media\/3128"}],"wp:attachment":[{"href":"https:\/\/novex.cz\/cs\/wp-json\/wp\/v2\/media?parent=3403"}],"wp:term":[{"taxonomy":"product_brand","embeddable":true,"href":"https:\/\/novex.cz\/cs\/wp-json\/wp\/v2\/product_brand?post=3403"},{"taxonomy":"product_cat","embeddable":true,"href":"https:\/\/novex.cz\/cs\/wp-json\/wp\/v2\/product_cat?post=3403"},{"taxonomy":"product_tag","embeddable":true,"href":"https:\/\/novex.cz\/cs\/wp-json\/wp\/v2\/product_tag?post=3403"}],"curies":[{"name":"wp","href":"https:\/\/api.w.org\/{rel}","templated":true}]}}