{"id":3342,"date":"2021-05-14T08:22:50","date_gmt":"2021-05-14T08:22:50","guid":{"rendered":"https:\/\/novex.cz\/?post_type=product&#038;p=3342"},"modified":"2025-03-24T13:55:41","modified_gmt":"2025-03-24T13:55:41","slug":"creamy-tile","status":"publish","type":"product","link":"https:\/\/novex.cz\/cs\/produkt\/creamy-tile\/","title":{"rendered":"Creamy Tile"},"content":{"rendered":"<p>Obkladov\u00fd panel ABITIBI Plus vhodn\u00fd do kuchyn\u00ed, na toalety, do komor, \u0161aten, vlastn\u011b kamkoliv, kde se bude l\u00edbit a kde nebude pod p\u0159\u00edm\u00fdm proudem vody.<\/p>\n<p>Velikost kachle 10 x 15 cm<\/p>\n<p>Upozorn\u011bn\u00ed: Panel nen\u00ed ur\u010den pro p\u0159\u00edm\u00fd styk s vodou!<\/p>\n<p>\u010ct\u011bte pozorn\u011b <a href=\"\/wp-content\/uploads\/2021\/05\/instalacni-navod-ABITIBI-ABITIBI-Plus-2021.pdf\" target=\"_blank\" rel=\"noopener\">instala\u010dn\u00ed n\u00e1vod<\/a>.<\/p>\n<p>&nbsp;<\/p>\n","protected":false},"excerpt":{"rendered":"<p>do kuchyn\u011b, na toalety, do \u0161aten, komor a sp\u00ed\u017e\u00ed<\/p>\n","protected":false},"featured_media":3140,"comment_status":"open","ping_status":"closed","template":"","meta":{"_acf_changed":false},"product_brand":[],"product_cat":[51],"product_tag":[],"class_list":{"0":"post-3342","1":"product","2":"type-product","3":"status-publish","4":"has-post-thumbnail","6":"product_cat-panely","8":"first","9":"instock","10":"taxable","11":"shipping-taxable","12":"purchasable","13":"product-type-simple"},"acf":[],"jetpack_sharing_enabled":true,"_links":{"self":[{"href":"https:\/\/novex.cz\/cs\/wp-json\/wp\/v2\/product\/3342","targetHints":{"allow":["GET"]}}],"collection":[{"href":"https:\/\/novex.cz\/cs\/wp-json\/wp\/v2\/product"}],"about":[{"href":"https:\/\/novex.cz\/cs\/wp-json\/wp\/v2\/types\/product"}],"replies":[{"embeddable":true,"href":"https:\/\/novex.cz\/cs\/wp-json\/wp\/v2\/comments?post=3342"}],"wp:featuredmedia":[{"embeddable":true,"href":"https:\/\/novex.cz\/cs\/wp-json\/wp\/v2\/media\/3140"}],"wp:attachment":[{"href":"https:\/\/novex.cz\/cs\/wp-json\/wp\/v2\/media?parent=3342"}],"wp:term":[{"taxonomy":"product_brand","embeddable":true,"href":"https:\/\/novex.cz\/cs\/wp-json\/wp\/v2\/product_brand?post=3342"},{"taxonomy":"product_cat","embeddable":true,"href":"https:\/\/novex.cz\/cs\/wp-json\/wp\/v2\/product_cat?post=3342"},{"taxonomy":"product_tag","embeddable":true,"href":"https:\/\/novex.cz\/cs\/wp-json\/wp\/v2\/product_tag?post=3342"}],"curies":[{"name":"wp","href":"https:\/\/api.w.org\/{rel}","templated":true}]}}