{"id":490,"date":"2019-02-28T14:48:14","date_gmt":"2019-02-28T14:48:14","guid":{"rendered":"https:\/\/www.novex.cz\/praha\/kontakty\/"},"modified":"2025-07-31T08:32:33","modified_gmt":"2025-07-31T08:32:33","slug":"kontakty","status":"publish","type":"page","link":"https:\/\/novex.cz\/cs\/praha\/kontakty\/","title":{"rendered":"Kontakty"},"content":{"rendered":"\n<h2 class=\"wp-block-heading\">NOVEX Praha s.r.o.<\/h2>\n\n\n\n<p><strong>I\u010c<\/strong>: 45787671<br><strong>DI\u010c<\/strong>: CZ45787671<br><strong>Obchodn\u00ed rejst\u0159\u00edk<\/strong>: M\u011bstsk\u00fd soud v Praze,odd\u00edl C, vlo\u017eka 172<br><br><\/p>\n\n\n\n<div class=\"wp-block-columns has-2-columns is-layout-flex wp-container-core-columns-is-layout-9d6595d7 wp-block-columns-is-layout-flex\">\n<div class=\"wp-block-column is-layout-flow wp-block-column-is-layout-flow\">\n<h3 class=\"wp-block-heading\">S\u00eddlo firmy<\/h3>\n\n\n\n<p>Bruncl\u00edkova 1875\/17<br>162 00 Praha 6<br><br><strong>Tel<\/strong>: <a class=\"a-nostyled\" href=\"tel:+420235363335\">+420 235 363 335<\/a><br><strong>Fax<\/strong>: +420 235 356 014<br><strong>E-mail<\/strong>: <a class=\"a-nostyled\" href=\"mailto:novex@novex.cz\">novex@novex.cz<\/a><br><br><\/p>\n\n\n\n<h4 class=\"wp-block-heading\">Provozn\u00ed doba: s\u00eddlo firmy Praha<\/h4>\n\n\n\n<p>pond\u011bl\u00ed \u2013 \u010dtvrtek: 8 &#8211; 16h<br>p\u00e1tek: 8 &#8211; 14h<\/p>\n<\/div>\n\n\n\n<div class=\"wp-block-column is-layout-flow wp-block-column-is-layout-flow\">\n<h3 class=\"wp-block-heading\">Prodejn\u00ed sklad Kn\u011b\u017eeves<br><\/h3>\n\n\n\n<p>Na Hlavn\u00ed silnici 196<br>252 68  Kn\u011b\u017eeves u Prahy<br>(are\u00e1l b\u00fdval\u00e9ho zem\u011bd\u011blsk\u00e9ho dru\u017estva)<br><\/p>\n\n\n\n<p><strong>Vedouc\u00ed skladu<\/strong><br>Daniela Burianov\u00e1<br><strong>Mobil<\/strong>: <a class=\"a-nostyled\" href=\"tel:+420604633009\">+420 604 633 009<\/a><br><strong>Tel<\/strong>: <a class=\"a-nostyled\" href=\"tel:+420220950645\">+420 220 950 645<\/a><br><strong>Fax<\/strong>: +420 220 950 645<br><strong>E-mail<\/strong>: <a class=\"a-nostyled\" href=\"mailto:sklad@novex.cz\">sklad@novex.cz<\/a><br><br><\/p>\n\n\n\n<h4 class=\"wp-block-heading\">Provozn\u00ed doba: sklad<\/h4>\n\n\n\n<p>Sklad je otev\u0159en pro n\u00e1kup zbo\u017e\u00ed pouze po p\u0159edchoz\u00ed domluv\u011b, volejte pro term\u00edn sch\u016fzky na: 604 633 009.<\/p>\n\n\n\n<p><\/p>\n\n\n\n<p><\/p>\n\n\n\n<p>pond\u011bl\u00ed &#8211; \u010dtvrtek 8 &#8211; 14h <strong>po p\u0159edchoz\u00ed domluv\u011b<\/strong><\/p>\n\n\n\n<p><\/p>\n\n\n\n<p><\/p>\n\n\n\n<p>Do\u010dasn\u00e9 omezen\u00ed skladu je pouze z technick\u00fdch d\u016fvod\u016f. <\/p>\n<\/div>\n<\/div>\n\n\n\n<p><\/p>\n","protected":false},"excerpt":{"rendered":"<p>NOVEX Praha s.r.o. I\u010c: 45787671DI\u010c: CZ45787671Obchodn\u00ed rejst\u0159\u00edk: M\u011bstsk\u00fd soud v Praze,odd\u00edl C, vlo\u017eka 172 S\u00eddlo firmy Bruncl\u00edkova 1875\/17162 00 Praha 6 Tel: +420 235 363 335Fax: +420 235 356 014E-mail: novex@novex.cz Provozn\u00ed doba: s\u00eddlo firmy Praha pond\u011bl\u00ed \u2013 \u010dtvrtek: 8 &#8211; 16hp\u00e1tek: 8 &#8211; 14h Prodejn\u00ed sklad Kn\u011b\u017eeves Na Hlavn\u00ed silnici 196252 68 Kn\u011b\u017eeves u [&hellip;]<\/p>\n","protected":false},"author":19,"featured_media":0,"parent":5,"menu_order":4,"comment_status":"closed","ping_status":"closed","template":"","meta":{"_acf_changed":false,"footnotes":""},"class_list":["post-490","page","type-page","status-publish","hentry"],"acf":[],"jetpack_sharing_enabled":true,"_links":{"self":[{"href":"https:\/\/novex.cz\/cs\/wp-json\/wp\/v2\/pages\/490","targetHints":{"allow":["GET"]}}],"collection":[{"href":"https:\/\/novex.cz\/cs\/wp-json\/wp\/v2\/pages"}],"about":[{"href":"https:\/\/novex.cz\/cs\/wp-json\/wp\/v2\/types\/page"}],"author":[{"embeddable":true,"href":"https:\/\/novex.cz\/cs\/wp-json\/wp\/v2\/users\/19"}],"replies":[{"embeddable":true,"href":"https:\/\/novex.cz\/cs\/wp-json\/wp\/v2\/comments?post=490"}],"version-history":[{"count":23,"href":"https:\/\/novex.cz\/cs\/wp-json\/wp\/v2\/pages\/490\/revisions"}],"predecessor-version":[{"id":4820,"href":"https:\/\/novex.cz\/cs\/wp-json\/wp\/v2\/pages\/490\/revisions\/4820"}],"up":[{"embeddable":true,"href":"https:\/\/novex.cz\/cs\/wp-json\/wp\/v2\/pages\/5"}],"wp:attachment":[{"href":"https:\/\/novex.cz\/cs\/wp-json\/wp\/v2\/media?parent=490"}],"curies":[{"name":"wp","href":"https:\/\/api.w.org\/{rel}","templated":true}]}}