{"id":468,"date":"2019-01-31T20:06:13","date_gmt":"2019-01-31T20:06:13","guid":{"rendered":"https:\/\/www.novex.cz\/?page_id=468"},"modified":"2021-10-13T15:17:40","modified_gmt":"2021-10-13T15:17:40","slug":"privacy-policy","status":"publish","type":"page","link":"https:\/\/novex.cz\/cs\/privacy-policy\/","title":{"rendered":"Ochrana osobn\u00edch \u00fadaj\u016f"},"content":{"rendered":"\n<p><strong>PROHL\u00c1\u0160EN\u00cd O OCHRAN\u011a OSOBN\u00cdCH \u00daDAJ\u016e<\/strong><\/p>\n\n\n\n<div class=\"wp-block-file\"><a href=\"https:\/\/novex.cz\/wp-content\/uploads\/2021\/10\/NOVEX_Praha_Prohlaseni_o_ochrane_osobnich_udaju.pdf\" target=\"_blank\" rel=\"noreferrer noopener\">NOVEX_Praha_Prohlaseni_o_ochrane_osobnich_udaju<\/a><a href=\"https:\/\/novex.cz\/wp-content\/uploads\/2021\/10\/NOVEX_Praha_Prohlaseni_o_ochrane_osobnich_udaju.pdf\" class=\"wp-block-file__button\" download>St\u00e1hnout<\/a><\/div>\n\n\n\n<p><strong>PRAVIDLA COOKIES<\/strong><\/p>\n\n\n\n<div class=\"wp-block-file\"><a href=\"https:\/\/novex.cz\/wp-content\/uploads\/2021\/10\/NOVEX_Praha_Cookies.pdf\" target=\"_blank\" rel=\"noreferrer noopener\">NOVEX_Praha Pravidla_Cookies<\/a><a href=\"https:\/\/novex.cz\/wp-content\/uploads\/2021\/10\/NOVEX_Praha_Cookies.pdf\" class=\"wp-block-file__button\" download>St\u00e1hnout<\/a><\/div>\n","protected":false},"excerpt":{"rendered":"<p>PROHL\u00c1\u0160EN\u00cd O OCHRAN\u011a OSOBN\u00cdCH \u00daDAJ\u016e PRAVIDLA COOKIES<\/p>\n","protected":false},"author":19,"featured_media":0,"parent":0,"menu_order":0,"comment_status":"closed","ping_status":"open","template":"","meta":{"_acf_changed":false,"footnotes":""},"class_list":["post-468","page","type-page","status-publish","hentry"],"acf":[],"jetpack_sharing_enabled":true,"_links":{"self":[{"href":"https:\/\/novex.cz\/cs\/wp-json\/wp\/v2\/pages\/468","targetHints":{"allow":["GET"]}}],"collection":[{"href":"https:\/\/novex.cz\/cs\/wp-json\/wp\/v2\/pages"}],"about":[{"href":"https:\/\/novex.cz\/cs\/wp-json\/wp\/v2\/types\/page"}],"author":[{"embeddable":true,"href":"https:\/\/novex.cz\/cs\/wp-json\/wp\/v2\/users\/19"}],"replies":[{"embeddable":true,"href":"https:\/\/novex.cz\/cs\/wp-json\/wp\/v2\/comments?post=468"}],"version-history":[{"count":6,"href":"https:\/\/novex.cz\/cs\/wp-json\/wp\/v2\/pages\/468\/revisions"}],"predecessor-version":[{"id":3676,"href":"https:\/\/novex.cz\/cs\/wp-json\/wp\/v2\/pages\/468\/revisions\/3676"}],"wp:attachment":[{"href":"https:\/\/novex.cz\/cs\/wp-json\/wp\/v2\/media?parent=468"}],"curies":[{"name":"wp","href":"https:\/\/api.w.org\/{rel}","templated":true}]}}