{"id":1465,"date":"2019-04-08T15:06:03","date_gmt":"2019-04-08T15:06:03","guid":{"rendered":"https:\/\/www.novex.cz\/?page_id=1465"},"modified":"2025-03-24T13:46:23","modified_gmt":"2025-03-24T13:46:23","slug":"tamponova-galvanizace","status":"publish","type":"page","link":"https:\/\/novex.cz\/cs\/bohemia\/tamponova-galvanizace\/","title":{"rendered":"Tamponov\u00e1 galvanizace"},"content":{"rendered":"\n<p>Tamponov\u00e1 galvanizace existuje ji\u017e t\u00e9m\u011b\u0159 tak dlouho jako galvanizace sama. P\u0159esto\u017ee se ji\u017e pou\u017e\u00edv\u00e1 tak dlouho a v pom\u011brn\u011b velk\u00e9m rozsahu, je zaj\u00edmav\u00e9, \u017ee velk\u00e1 \u010d\u00e1st odborn\u00e9 ve\u0159ejnosti p\u0159edev\u0161\u00edm ve stroj\u00edrenstv\u00ed tuto metodu nezn\u00e1. Tamponov\u00e1 galvanizace je \u0161pi\u010dkov\u00fd mobiln\u00ed zp\u016fsob elektrolytick\u00e9ho pokovov\u00e1n\u00ed lokalizovan\u00fdch ploch bez pou\u017eit\u00ed galvanick\u00fdch van. P\u0159i tamponov\u00e9 galvanizaci prob\u00edhaj\u00ed stejn\u00e9 procesy jako u klasick\u00e9 galvanizace, jako je chromov\u00e1n\u00ed ve velk\u00fdch van\u00e1ch, ale v p\u0159\u00edpad\u011b tamponov\u00e9 galvanizace se nan\u00e1\u0161\u00ed kov pomoc\u00ed bavln\u011bn\u00e9ho tamponu, navle\u010den\u00e9ho na grafitovou anodu, kter\u00fd p\u0159edstavuje obdobn\u011b jako u klasick\u00e9 galvanizace anodu. Katodou je podobn\u011b jako u klasick\u00e9 galvanizace pokovovan\u00fd p\u0159edm\u011bt. Tamponovou galvanizac\u00ed se nan\u00e1\u0161\u00ed pokoven\u00ed na p\u0159esn\u011b ur\u010den\u00e1 m\u00edsta a p\u0159esn\u011b ur\u010den\u00e9 tlou\u0161\u0165ky. Proces nan\u00e1\u0161en\u00ed kovu prob\u00edh\u00e1 mnohem rychleji, ne\u017e u klasick\u00e9 galvanizace a umo\u017e\u0148uje naprosto p\u0159esn\u00fd rozm\u011br tlou\u0161\u0165ky nan\u00e1\u0161en\u00e9ho kovu.<\/p>\n\n\n<div class=\"wp-block-image\">\n<figure class=\"aligncenter\"><img loading=\"lazy\" decoding=\"async\" width=\"443\" height=\"319\" src=\"https:\/\/www.novex.cz\/wp-content\/uploads\/2019\/04\/galvanizace_obr1.png\" alt=\"\" class=\"wp-image-1474\" srcset=\"https:\/\/novex.cz\/wp-content\/uploads\/2019\/04\/galvanizace_obr1.png 443w, https:\/\/novex.cz\/wp-content\/uploads\/2019\/04\/galvanizace_obr1-300x216.png 300w\" sizes=\"auto, (max-width: 443px) 100vw, 443px\" \/><figcaption class=\"wp-element-caption\">Sch\u00e9ma principu tamponov\u00e9 galvanizace<\/figcaption><\/figure>\n<\/div>\n\n\n<p>Tamponov\u00e1\ngalvanizace se pou\u017e\u00edv\u00e1 jak k&nbsp;oprav\u00e1m, tak ke galvanizov\u00e1n\u00ed nov\u00fdch d\u00edl\u016f.\nPou\u017e\u00edv\u00e1 se p\u0159i oprav\u00e1ch, kdy jsou d\u00edly po\u0161kozen\u00e9 mechanicky \u2013 r\u016fzn\u00e9 \u0161kr\u00e1bance,\nvrypy, d\u00edry nebo po\u0161kozen\u00ed koroz\u00ed nebo opot\u0159eben\u00edm. Rozsah vyu\u017eit\u00ed t\u011bchto oprav\nje velik\u00fd. Pomoc\u00ed t\u011bchto oprav se zachr\u00e1n\u00ed d\u00edly, kter\u00e9 by bylo nutn\u00e9 vyr\u00e1b\u011bt\nznovu za vysok\u00fdch n\u00e1klad\u016f a pot\u0159eby ur\u010dit\u00e9ho \u010dasu na jejich v\u00fdrobu. Pokud nap\u0159.\nvzniknou na p\u00edstnici r\u00fdhy o hloubce 2 mm, nen\u00ed mo\u017eno klasick\u00fdm zp\u016fsobem\nopravit, nebo\u0165 by to bylo nesm\u00edrn\u011b drah\u00e9 a technicky nemo\u017en\u00e9. P\u0159edstavte si, \u017ee\nby se to muselo zbrousit na polom\u011bru o 2 mm a pak je prakticky nemo\u017en\u00e9\ndos\u00e1hnout p\u016fvodn\u00edho rozm\u011bru klasickou galvanizac\u00ed, V&nbsp;takov\u00e9m p\u0159\u00edpad\u011b se\npou\u017eije bu\u010f kombinace mikrosva\u0159ov\u00e1n\u00ed a tamponov\u00e9 galvanizace nebo jen tamponov\u00e1\ngalvanizace, oboje je mo\u017en\u00e9. V&nbsp;prvn\u00edm p\u0159\u00edpad\u011b by se po\u0161kozen\u00ed \u010d\u00e1ste\u010dn\u011b\nmikrosva\u0159ov\u00e1n\u00edm zava\u0159ilo a zaplnila d\u00edra a zbytek pokoven\u00ed by se provedl\ntamponovou galvanizac\u00ed nebo by se nejprve otvor zaplnil jedn\u00edm materi\u00e1lem a\nzbytek stejnou galvanickou metodou by se doplnil na p\u016fvodn\u00ed rozm\u011br. Za\u0159\u00edzen\u00ed\npro tamponovou galvanizace je mobiln\u00ed, co\u017e umo\u017e\u0148uje prov\u00e1d\u011bt opravy i na m\u00edst\u011b\ni u d\u00edl\u016f zabudovan\u00fdch v&nbsp;nejr\u016fzn\u011bj\u0161\u00edch stroj\u00edch a za\u0159\u00edzen\u00edch. <\/p>\n\n\n<div class=\"wp-block-image\">\n<figure class=\"aligncenter\"><img loading=\"lazy\" decoding=\"async\" width=\"609\" height=\"515\" src=\"https:\/\/www.novex.cz\/wp-content\/uploads\/2019\/04\/Tabulka-1.png\" alt=\"\" class=\"wp-image-1930\" srcset=\"https:\/\/novex.cz\/wp-content\/uploads\/2019\/04\/Tabulka-1.png 609w, https:\/\/novex.cz\/wp-content\/uploads\/2019\/04\/Tabulka-1-300x254.png 300w\" sizes=\"auto, (max-width: 609px) 100vw, 609px\" \/><figcaption class=\"wp-element-caption\">Galvaniza\u010dn\u00ed tamponovac\u00ed technika ve srovn\u00e1n\u00ed s ostatn\u00edmi metodami oprav kov\u016f<\/figcaption><\/figure>\n<\/div>\n\n\n<p><strong>Oblasti pou\u017eit\u00ed: <\/strong><\/p>\n\n\n\n<p>Tamponov\u00e1\ngalvanizace se pou\u017e\u00edv\u00e1 v&nbsp;nejr\u016fzn\u011bj\u0161\u00edch odv\u011btv\u00edch pr\u016fmyslu, stejn\u011b jako\nchromov\u00e1n\u00ed slou\u017e\u00ed pro pot\u0159eby v\u00fdroby nejr\u016fzn\u011bj\u0161\u00edch odv\u011btv\u00ed stroj\u00edrenstv\u00ed.\nTamponovou galvanizac\u00ed se v\u00fdhradn\u011b nap\u0159. prov\u00e1d\u00ed \u00fadr\u017eba ur\u010dit\u00fdch \u010d\u00e1st\u00ed v\u0161ech\nletadel na sv\u011bt\u011b. Ve v\u0161ech opravn\u00e1ch letadel na sv\u011bt\u011b se v\u00fdhradn\u011b pro \u00fadr\u017ebu\nv\u00fdsuvn\u00fdch podvozk\u016f u\u017e\u00edv\u00e1 tamponov\u00e1 galvanizace, stejn\u011b jako u dal\u0161\u00edch \u010d\u00e1st\u00ed,\nobdobn\u011b je tomu i p\u0159i v\u00fdrob\u011b t\u011bchto \u010d\u00e1st\u00ed v&nbsp;leteck\u00e9m pr\u016fmyslu. <\/p>\n\n\n\n<p>B\u011b\u017en\u011b se\npou\u017e\u00edv\u00e1 tamponov\u00e1 galvanizace na opravy na m\u00edst\u011b v&nbsp;oboru celul\u00f3zy a\npap\u00edrenstv\u00ed. Mezi typick\u00e9 zp\u016fsoby pou\u017eit\u00ed pat\u0159\u00ed pr\u016fm\u011bry lo\u017eisek sac\u00edch v\u00e1lc\u016f, u\nsu\u0161\u00edc\u00edch v\u00e1lc\u016f pr\u016fm\u011bry lo\u017eisek hlavy, povrchov\u00e9 vady zp\u016fsoben\u00e9 \u00fadr\u017ebou, d\u00e1le u\n\u010derpadel pouzdra lo\u017eisek, otvory ob\u011b\u017en\u00fdch kol, \u010depy lo\u017eisek h\u0159\u00eddel\u016f a t\u011bsn\u00edc\u00ed\nplochy, u elektromotor\u016f pouzdra lo\u017eisek, \u010depy rotor\u016f, komut\u00e1tory, sb\u011brnice.\nD\u00e1le u energetick\u00fdch za\u0159\u00edzen\u00ed \u010depy lo\u017eisek parn\u00edch turb\u00edn, p\u0159\u00edrubov\u00e9 spoje,\nvlo\u017eky v\u00e1lc\u016f vzn\u011btov\u00fdch motor\u016f, otvory ojnic, lo\u017eiskov\u00e9 \u010depy klikov\u00fdch h\u0159\u00eddel\u016f.\n<\/p>\n\n\n\n<p>Tak\u0159ka\nv\u00fdhradn\u011b se pou\u017e\u00edv\u00e1 tamponov\u00e1 galvanizace na opravu v\u00e1lc\u016f v&nbsp;tiska\u0159sk\u00fdch a\npap\u00edrensk\u00fdch stroj\u016f, kde se oprava prov\u00e1d\u00ed bez demont\u00e1\u017ee p\u0159\u00edmo na v\u00e1lc\u00edch\nt\u011bchto za\u0159\u00edzen\u00ed. <\/p>\n\n\n\n<p>Tamponov\u00e1\ngalvanizace se po\u017e\u00edv\u00e1 i v&nbsp;chemick\u00fdch a petrochemick\u00fdch kde umo\u017enuje\nprov\u00e1d\u011bt, rychl\u00e9 a efektivn\u00ed cenov\u011b v\u00fdhodn\u00e9 \u00fadr\u017ebov\u00e9 cykly. D\u00edky pou\u017eit\u00ed\nprocesu mohou technici \u00fadr\u017eby opravovat \u010derpadla, motory, p\u0159\u00edruby, ventily a\njin\u00e9 sou\u010d\u00e1sti p\u0159\u00edmo na m\u00edst\u011b tak, \u017ee nanesou kov na sou\u010d\u00e1stky bez oh\u0159\u00edv\u00e1n\u00ed nebo\ndeformace zp\u016fsoben\u00fdch sva\u0159ov\u00e1n\u00edm nebo nan\u00e1\u0161en\u00edm termick\u00fdmi n\u00e1st\u0159iky. Toto\npokovov\u00e1n\u00ed je 60 x rychlej\u0161\u00ed ne\u017e pokovov\u00e1n\u00ed ve van\u00e1ch, jedn\u00e1 se o skute\u010dn\u00e9\nelektrolytick\u00e9 pokovov\u00e1n\u00ed, tak\u017ee kovov\u00e1 vazba je ve sv\u00e9 podstat\u011b atomov\u00e1, co\u017e\nm\u00e1 za n\u00e1sledek vynikaj\u00edc\u00ed adhezi v&nbsp;porovn\u00e1n\u00ed s&nbsp;jin\u00fdmi procesy. <\/p>\n\n\n\n<p>Tamponov\u00e1\ngalvanizace se rovn\u011b\u017e pou\u017e\u00edv\u00e1 v&nbsp;oblasti energetiky, mezi typick\u00e9 p\u0159\u00edpady\npou\u017eit\u00ed pat\u0159\u00ed post\u0159\u00edb\u0159ov\u00e1n\u00ed sestav dla\u0148ov\u00fdch tla\u010d\u00edtek, tlum\u00edc\u00edho vinut\u00ed,\nm\u011bd\u011bn\u00fdch kl\u00edn\u016f a p\u00e1sk\u016f a povlak\u016f h\u0159\u00eddel\u016f a motorov\u00fdch sou\u010d\u00e1stek. P\u0159edev\u0161\u00edm to\nslou\u017e\u00ed pro sni\u017eov\u00e1n\u00ed elektrick\u00e9ho p\u0159echodov\u00e9ho odporu a k lep\u0161\u00ed odolnosti proti\nopot\u0159eben\u00ed. <\/p>\n\n\n\n<p>Tamponov\u00e1\ngalvanizace je i vyu\u017e\u00edvan\u00e1 v&nbsp;oblasti \u017eeleznic, p\u0159edev\u0161\u00edm k&nbsp;\u00faprav\u011b\nrozm\u011br\u016f opot\u0159eben\u00fdch \u010dep\u016f valiv\u00fdch lo\u017eisek n\u00e1prav, d\u00e1le k&nbsp;obnov\u011b ploch\nt\u011bsn\u00edc\u00edch t\u0159ec\u00edch krou\u017ek\u016f, k&nbsp;obnov\u011b nadm\u011brn\u00fdch lo\u017eiskov\u00fdch ku\u017eel\u016f, oprava\nprohlubn\u00ed, vrub\u016f a po\u0161kozen\u00ed hydraulick\u00fdch a t\u011bsn\u00edc\u00edch povrch\u016f, obnova\nopot\u0159eben\u00fdch t\u011bsn\u011bn\u00ed lo\u017eisek, sedel a koncov\u00fdch kryt\u016f lo\u017eisek.<\/p>\n\n\n\n<p>To jsou jen p\u0159\u00edklady\nn\u011bkter\u00fdch pou\u017eit\u00ed, pou\u017eit\u00ed t\u00e9to technologie je velmi univerz\u00e1ln\u00ed a \u0161irok\u00e9.&nbsp; <\/p>\n\n\n\n<h2 class=\"wp-block-heading\">Uk\u00e1zky po\u0161kozen\u00ed<\/h2>\n\n\n\n<figure class=\"wp-block-image\"><img loading=\"lazy\" decoding=\"async\" width=\"1024\" height=\"340\" src=\"https:\/\/www.novex.cz\/wp-content\/uploads\/2019\/04\/Damage-1024x340.png\" alt=\"\" class=\"wp-image-1872\" srcset=\"https:\/\/novex.cz\/wp-content\/uploads\/2019\/04\/Damage-1024x340.png 1024w, https:\/\/novex.cz\/wp-content\/uploads\/2019\/04\/Damage-300x99.png 300w, https:\/\/novex.cz\/wp-content\/uploads\/2019\/04\/Damage.png 1692w\" sizes=\"auto, (max-width: 1024px) 100vw, 1024px\" \/><\/figure>\n\n\n\n<h2 class=\"wp-block-heading\">Pr\u016fb\u011bh oprav<\/h2>\n\n\n\n<figure class=\"wp-block-gallery has-nested-images columns-default is-cropped wp-block-gallery-1 is-layout-flex wp-block-gallery-is-layout-flex\">\n<figure class=\"wp-block-image\"><img loading=\"lazy\" decoding=\"async\" width=\"1024\" height=\"405\" data-id=\"1877\" src=\"https:\/\/novex.cz\/wp-content\/uploads\/2019\/04\/Repair-1024x405.png\" alt=\"\" class=\"wp-image-1877\" srcset=\"https:\/\/novex.cz\/wp-content\/uploads\/2019\/04\/Repair-1024x405.png 1024w, https:\/\/novex.cz\/wp-content\/uploads\/2019\/04\/Repair-300x119.png 300w, https:\/\/novex.cz\/wp-content\/uploads\/2019\/04\/Repair.png 1542w\" sizes=\"auto, (max-width: 1024px) 100vw, 1024px\" \/><\/figure>\n<\/figure>\n\n\n\n<h2 class=\"wp-block-heading\">Od po\u0161kozen\u00ed k fin\u00e1ln\u00edmu v\u00fdsledku<\/h2>\n\n\n\n<figure class=\"wp-block-image\"><img loading=\"lazy\" decoding=\"async\" width=\"1024\" height=\"758\" src=\"https:\/\/www.novex.cz\/wp-content\/uploads\/2019\/04\/Damage_to_repair-1024x758.png\" alt=\"\" class=\"wp-image-1880\" srcset=\"https:\/\/novex.cz\/wp-content\/uploads\/2019\/04\/Damage_to_repair-1024x758.png 1024w, https:\/\/novex.cz\/wp-content\/uploads\/2019\/04\/Damage_to_repair-300x222.png 300w, https:\/\/novex.cz\/wp-content\/uploads\/2019\/04\/Damage_to_repair.png 1396w\" sizes=\"auto, (max-width: 1024px) 100vw, 1024px\" \/><\/figure>\n\n\n\n<figure class=\"wp-block-gallery has-nested-images columns-default is-cropped wp-block-gallery-2 is-layout-flex wp-block-gallery-is-layout-flex\">\n<figure class=\"wp-block-image\"><img loading=\"lazy\" decoding=\"async\" width=\"1024\" height=\"847\" data-id=\"1888\" src=\"https:\/\/novex.cz\/wp-content\/uploads\/2019\/04\/Damage_to_repair_2-1-1024x847.png\" alt=\"\" class=\"wp-image-1888\" srcset=\"https:\/\/novex.cz\/wp-content\/uploads\/2019\/04\/Damage_to_repair_2-1-1024x847.png 1024w, https:\/\/novex.cz\/wp-content\/uploads\/2019\/04\/Damage_to_repair_2-1-300x248.png 300w, https:\/\/novex.cz\/wp-content\/uploads\/2019\/04\/Damage_to_repair_2-1.png 1424w\" sizes=\"auto, (max-width: 1024px) 100vw, 1024px\" \/><\/figure>\n<\/figure>\n\n\n\n<h2 class=\"wp-block-heading\">Videa<\/h2>\n\n\n\n<figure class=\"wp-block-video aligncenter\"><video controls=\"\" width=\"450\" height=\"800\" src=\"https:\/\/www.novex.cz\/wp-content\/uploads\/2019\/04\/IMG_2132.mov\"><\/video><\/figure>\n\n\n\n<figure class=\"wp-block-video aligncenter\"><video controls width=\"450\" height=\"800\" src=\"https:\/\/www.novex.cz\/wp-content\/uploads\/2019\/04\/IMG_2397.mov\"><\/video><\/figure>\n\n\n\n<figure class=\"wp-block-video aligncenter\"><video controls width=\"450\" height=\"800\" src=\"https:\/\/www.novex.cz\/wp-content\/uploads\/2019\/04\/IMG_4262.mov\"><\/video><\/figure>\n\n\n\n<p><a class=\"btn btn-primary\" href=\"https:\/\/novex.cz\/bohemia\/#selective-plating-process\">Zp\u011bt<\/a><\/p>\n\n\n\n<p><\/p>\n","protected":false},"excerpt":{"rendered":"<p>Tamponov\u00e1 galvanizace existuje ji\u017e t\u00e9m\u011b\u0159 tak dlouho jako galvanizace sama. P\u0159esto\u017ee se ji\u017e pou\u017e\u00edv\u00e1 tak dlouho a v pom\u011brn\u011b velk\u00e9m rozsahu, je zaj\u00edmav\u00e9, \u017ee velk\u00e1 \u010d\u00e1st odborn\u00e9 ve\u0159ejnosti p\u0159edev\u0161\u00edm ve stroj\u00edrenstv\u00ed tuto metodu nezn\u00e1. Tamponov\u00e1 galvanizace je \u0161pi\u010dkov\u00fd mobiln\u00ed zp\u016fsob elektrolytick\u00e9ho pokovov\u00e1n\u00ed lokalizovan\u00fdch ploch bez pou\u017eit\u00ed galvanick\u00fdch van. P\u0159i tamponov\u00e9 galvanizaci prob\u00edhaj\u00ed stejn\u00e9 procesy jako [&hellip;]<\/p>\n","protected":false},"author":19,"featured_media":0,"parent":263,"menu_order":3,"comment_status":"closed","ping_status":"closed","template":"","meta":{"_acf_changed":false,"footnotes":""},"class_list":["post-1465","page","type-page","status-publish","hentry"],"acf":[],"jetpack_sharing_enabled":true,"_links":{"self":[{"href":"https:\/\/novex.cz\/cs\/wp-json\/wp\/v2\/pages\/1465","targetHints":{"allow":["GET"]}}],"collection":[{"href":"https:\/\/novex.cz\/cs\/wp-json\/wp\/v2\/pages"}],"about":[{"href":"https:\/\/novex.cz\/cs\/wp-json\/wp\/v2\/types\/page"}],"author":[{"embeddable":true,"href":"https:\/\/novex.cz\/cs\/wp-json\/wp\/v2\/users\/19"}],"replies":[{"embeddable":true,"href":"https:\/\/novex.cz\/cs\/wp-json\/wp\/v2\/comments?post=1465"}],"version-history":[{"count":1,"href":"https:\/\/novex.cz\/cs\/wp-json\/wp\/v2\/pages\/1465\/revisions"}],"predecessor-version":[{"id":4777,"href":"https:\/\/novex.cz\/cs\/wp-json\/wp\/v2\/pages\/1465\/revisions\/4777"}],"up":[{"embeddable":true,"href":"https:\/\/novex.cz\/cs\/wp-json\/wp\/v2\/pages\/263"}],"wp:attachment":[{"href":"https:\/\/novex.cz\/cs\/wp-json\/wp\/v2\/media?parent=1465"}],"curies":[{"name":"wp","href":"https:\/\/api.w.org\/{rel}","templated":true}]}}