{"id":1462,"date":"2019-04-08T15:04:04","date_gmt":"2019-04-08T15:04:04","guid":{"rendered":"https:\/\/www.novex.cz\/?page_id=1462"},"modified":"2025-03-24T14:01:05","modified_gmt":"2025-03-24T14:01:05","slug":"mikrosvarovani","status":"publish","type":"page","link":"https:\/\/novex.cz\/cs\/bohemia\/mikrosvarovani\/","title":{"rendered":"Mikrosva\u0159ov\u00e1n\u00ed"},"content":{"rendered":"\n<p>Kl\u00ed\u010dov\u00e9 pro spr\u00e1vn\u00e9 nanesen\u00ed chromov\u00e9 vrstvy je, aby d\u00edl byl dob\u0159e p\u0159ipraven pro samotn\u00e9 chromov\u00e1n\u00ed \u2013 tzn. kovov\u011b \u010dist\u00fd, bez d\u00edrek, r\u00fdh a jin\u00fdch vad z\u00e1kladn\u00edho materi\u00e1lu apod. Chrom pak toti\u017e ji\u017e pouze kop\u00edruje materi\u00e1l dodan\u00e9ho d\u00edlu. M\u00e1me k dispozici unik\u00e1tn\u00ed technologii, kter\u00e1 je schopna opravit vady jako jsou d\u00edry a r\u00fdhy na materi\u00e1lu d\u00edl\u016f. D\u00edky tomuto mikrosva\u0159ovac\u00edmu apar\u00e1tu u\u0161et\u0159\u00edme z\u00e1kazn\u00edkovi spoustu \u010dasu a pen\u011bz, nebo\u0165 pokud jsou na dodan\u00fdch d\u00edlech tyto vady, pak p\u0159i p\u0159ej\u00edmce d\u00edl\u016f p\u0159ed chromov\u00e1n\u00edm si je z\u00e1kazn\u00edk nemus\u00ed odv\u00e9st k dal\u0161\u00edmu opracov\u00e1n\u00ed a oprav\u011b vad, ale jsme schopni rychle a flexibiln\u011b tyto vady z\u00e1kladn\u00edho materi\u00e1lu opravit u n\u00e1s v provoze. Z\u00e1kazn\u00edk tak u\u0161et\u0159\u00ed na dal\u0161\u00ed doprav\u011b, oprav\u011b d\u00edlu a n\u00e1sledn\u00e9 doprav\u011b zp\u011bt k n\u00e1m, nem\u00e9n\u011b d\u016fle\u017eit\u00e1 je pak \u00faspora \u010dasov\u00e1. Za\u0159\u00edzen\u00ed je pln\u011b mobiln\u00ed, jsme schopni zajistit opravu na\u0161im technikem tak\u00e9 p\u0159\u00edmo u z\u00e1kazn\u00edka a to i v zahrani\u010d\u00ed. T\u00edm odpad\u00e1 n\u00e1kladn\u00e1 demont\u00e1\u017e d\u00edl\u016f \u010di zastaven\u00ed linek nebo cel\u00e9ho provozu.<\/p>\n\n\n\n<p>Mikrosva\u0159ov\u00e1n\u00ed je proces vyva\u0159ov\u00e1n\u00ed jak velmi mal\u00fdch p\u00f3r\u016f, d\u00edrek a&nbsp; prasklin, tak i v\u011bt\u0161\u00edch a hlub\u0161\u00edch po\u0161kozen\u00ed. U velmi mal\u00fdch vad je nutn\u00e9 pou\u017e\u00edt mikroskop. Pokud je opravov\u00e1na vada v chromov\u00e9 vrstv\u011b, je d\u016fle\u017eit\u00e9 pou\u017eit speci\u00e1ln\u00ed dr\u00e1t, kter\u00fd m\u00e1 antikorozn\u00ed vlastnosti. Firma NOVEX pou\u017e\u00edv\u00e1 materi\u00e1l 1.4430 kde je 18,5 % Cr a 12,5 Ni a dal\u0161\u00ed kovy, kter\u00fd m\u00e1 podobn\u00e9 vlastnosti jako chrom a oprava tak neohroz\u00ed funk\u010dnost cel\u00e9ho d\u00edlu. Po zava\u0159en\u00ed je nutn\u00e9 sv\u00e1r ru\u010dn\u011b za\u010distit diamantov\u00fdmi piln\u00edky. Pokud jsou sv\u00e1ry v\u011bt\u0161\u00ed, je \u017e\u00e1douc\u00ed pou\u017e\u00edt nap\u0159.&nbsp; p\u00e1sovou brusku. Pokud je po\u0161kozen\u00ed hlub\u0161\u00ed je nutn\u00e9 pou\u017eit\u00ed masivn\u011bj\u0161\u00ed elektrody a v\u011bt\u0161\u00ed pr\u016fm\u011br n\u00e1varov\u00e9ho dr\u00e1tu. Za\u0159\u00edzen\u00ed na sva\u0159ov\u00e1n\u00ed umo\u017e\u0148uje p\u0159epnut\u00ed do sva\u0159ovac\u00edho re\u017eimu v ochrann\u00e9 atmosf\u00e9\u0159e Argonu a to velmi jednodu\u0161e, za pomoc\u00ed no\u017en\u00edho ped\u00e1lu, lze tak vytv\u00e1\u0159et klasick\u00e9 n\u00e1vary, housenky.&nbsp; T\u00edm v\u0161ak vznik\u00e1 prostorov\u00fd n\u00e1var, jeho\u017e opracov\u00e1n\u00ed je mnohem&nbsp; n\u00e1ro\u010dn\u011bj\u0161\u00ed, ale s vyu\u017eit\u00edm nap\u0159. p\u00e1sov\u00e9 brusky, se cel\u00e1 oprava v\u00fdznamn\u011b zrychl\u00ed a zjednodu\u0161\u00ed.<\/p>\n\n\n\n<p><a href=\"https:\/\/novex.cz\/bohemia\/#micro-welding\" class=\"btn btn-primary\">Zp\u011bt<\/a><\/p>\n","protected":false},"excerpt":{"rendered":"<p>Kl\u00ed\u010dov\u00e9 pro spr\u00e1vn\u00e9 nanesen\u00ed chromov\u00e9 vrstvy je, aby d\u00edl byl dob\u0159e p\u0159ipraven pro samotn\u00e9 chromov\u00e1n\u00ed \u2013 tzn. kovov\u011b \u010dist\u00fd, bez d\u00edrek, r\u00fdh a jin\u00fdch vad z\u00e1kladn\u00edho materi\u00e1lu apod. Chrom pak toti\u017e ji\u017e pouze kop\u00edruje materi\u00e1l dodan\u00e9ho d\u00edlu. M\u00e1me k dispozici unik\u00e1tn\u00ed technologii, kter\u00e1 je schopna opravit vady jako jsou d\u00edry a r\u00fdhy na materi\u00e1lu d\u00edl\u016f. [&hellip;]<\/p>\n","protected":false},"author":19,"featured_media":0,"parent":263,"menu_order":2,"comment_status":"closed","ping_status":"closed","template":"","meta":{"_acf_changed":false,"footnotes":""},"class_list":["post-1462","page","type-page","status-publish","hentry"],"acf":[],"jetpack_sharing_enabled":true,"_links":{"self":[{"href":"https:\/\/novex.cz\/cs\/wp-json\/wp\/v2\/pages\/1462","targetHints":{"allow":["GET"]}}],"collection":[{"href":"https:\/\/novex.cz\/cs\/wp-json\/wp\/v2\/pages"}],"about":[{"href":"https:\/\/novex.cz\/cs\/wp-json\/wp\/v2\/types\/page"}],"author":[{"embeddable":true,"href":"https:\/\/novex.cz\/cs\/wp-json\/wp\/v2\/users\/19"}],"replies":[{"embeddable":true,"href":"https:\/\/novex.cz\/cs\/wp-json\/wp\/v2\/comments?post=1462"}],"version-history":[{"count":1,"href":"https:\/\/novex.cz\/cs\/wp-json\/wp\/v2\/pages\/1462\/revisions"}],"predecessor-version":[{"id":4797,"href":"https:\/\/novex.cz\/cs\/wp-json\/wp\/v2\/pages\/1462\/revisions\/4797"}],"up":[{"embeddable":true,"href":"https:\/\/novex.cz\/cs\/wp-json\/wp\/v2\/pages\/263"}],"wp:attachment":[{"href":"https:\/\/novex.cz\/cs\/wp-json\/wp\/v2\/media?parent=1462"}],"curies":[{"name":"wp","href":"https:\/\/api.w.org\/{rel}","templated":true}]}}