{"id":1417,"date":"2019-04-08T14:11:28","date_gmt":"2019-04-08T14:11:28","guid":{"rendered":"https:\/\/www.novex.cz\/?page_id=1417"},"modified":"2019-04-08T16:22:23","modified_gmt":"2019-04-08T16:22:23","slug":"chromovani","status":"publish","type":"page","link":"https:\/\/novex.cz\/cs\/bohemia\/chromovani\/","title":{"rendered":"Chromov\u00e1n\u00ed"},"content":{"rendered":"\n<p>Tvrd\u00e9 chromov\u00e1n\u00ed je povrchov\u00e1 \u00faprava vyzna\u010duj\u00edc\u00ed se vysokou odolnost\u00ed proti opot\u0159eben\u00ed, tvrdost\u00ed, odolnost\u00ed proti korozi a extr\u00e9mn\u00edm teplot\u00e1m. Tvrd\u00e9 chromov\u00e1n\u00ed vyhovuje speci\u00e1ln\u00edm po\u017eadavk\u016fm stroj\u00edrensk\u00e9 v\u00fdroby. Nen\u00ed mo\u017eno je zam\u011b\u0148ovat za um\u011bleck\u00e9 (ozdobn\u00e9) chromov\u00e1n\u00ed.<br>Chromovna m\u00e1 dva provozy. V prvn\u00edm provozu m\u016f\u017eeme chromovat d\u00edly do <strong>pr\u016fm\u011bru a\u017e 200 mm a d\u00e9lky a\u017e 2200 mm<\/strong>. Samoz\u0159ejm\u011b chromujeme tak\u00e9 mal\u00e9 sou\u010d\u00e1stky. V tomto provozu realizujeme jednotliv\u00e9 zak\u00e1zky i zak\u00e1zky v mal\u00fdch a v\u011bt\u0161\u00edch s\u00e9ri\u00edch.<br>V druh\u00e9m provozu m\u016f\u017eeme chromovat d\u00edly a\u017e do <strong>pr\u016fm\u011bru 550 mm a d\u00e9lky 7500 mm<\/strong>. Jsme jedin\u00e1 firma v \u010cesk\u00e9 republice, kter\u00e1 je schopn\u00e1 chromovat takto velk\u00e9 d\u00edly.<br>Jako jedin\u00e1 chromovna sv\u00e9ho druhu v \u010cesk\u00e9 republice fungujeme samostatn\u011b; ostatn\u00ed chromovny jsou sou\u010d\u00e1st\u00ed v\u00fdrobn\u00edch podnik\u016f. To n\u00e1m samoz\u0159ejm\u011b umo\u017e\u0148uje flexibiln\u011b reagovat na po\u017eadavky z\u00e1kazn\u00edk\u016f, p\u0159edev\u0161\u00edm co se t\u00fd\u010de dodac\u00ed doby.<\/p>\n\n\n\n<p>U d\u00edl\u016f nad 3 800 mm d\u00e9lky se mus\u00ed chromovat nadvakr\u00e1t (d\u00edl oto\u010dit), v p\u016flce d\u00edlu pak vznik\u00e1 dvojit\u00e1 vrstva, kter\u00e1 se mus\u00ed n\u00e1sledn\u011b p\u0159ele\u0161tit nebo p\u0159ebrousit.<\/p>\n\n\n\n<p><strong>Jakost poskytovan\u00fdch slu\u017eeb<\/strong><\/p>\n\n\n\n<p>Hlavn\u00ed prioritou firmy je spln\u011bn\u00ed po\u017eadavk\u016f z\u00e1kazn\u00edk\u016f v po\u017eadovan\u00fdch term\u00ednech a kvalit\u011b slu\u017eeb. Kvalita poskytovan\u00fdch slu\u017eeb je rozhoduj\u00edc\u00edm faktorem ovliv\u0148uj\u00edc\u00edm spokojenost z\u00e1kazn\u00edk\u016f a vytv\u00e1\u0159en\u00ed dobr\u00e9ho jm\u00e9na firmy. T\u00edmto se NOVEX Bohemia s. r. o. zavazuje k pln\u011bn\u00ed po\u017eadavk\u016f ISO norem a k neust\u00e1l\u00e9mu zlep\u0161ov\u00e1n\u00ed. Na\u0161i pracovn\u00edci maj\u00ed mnohalet\u00e9 zku\u0161enosti v oboru povrchov\u00fdch \u00faprav a pat\u0159\u00ed bez nads\u00e1zky k nejv\u011bt\u0161\u00edm expert\u016fm na chromov\u00e1n\u00ed a souvisej\u00edc\u00ed \u010dinnosti. Neust\u00e1le roz\u0161i\u0159ujeme na\u0161e poskytovan\u00e9 slu\u017eby o nov\u00e9 technologie tak, abychom z\u00e1kazn\u00edkovi mohli nab\u00eddnout komplexn\u00ed \u0159e\u0161en\u00ed v mnoha variant\u00e1ch a to nejen u nov\u00fdch d\u00edl\u016f, ale i u oprav a renovac\u00ed.<\/p>\n\n\n\n<p><strong>\u017divotn\u00ed prost\u0159ed\u00ed<\/strong><\/p>\n\n\n\n<p>Spole\u010dnost\ndb\u00e1 na striktn\u00ed dodr\u017eov\u00e1n\u00ed z\u00e1kon\u016f t\u00fdkaj\u00edc\u00ed se \u017eivotn\u00edho prost\u0159ed\u00ed, bezpe\u010dnosti\npr\u00e1ce zam\u011bstnanc\u016f a odpadov\u00e9ho hospod\u00e1\u0159stv\u00ed. Pravideln\u011b jsou prov\u00e1d\u011bna m\u011b\u0159en\u00ed\nkoncentrace nebezpe\u010dn\u00fdch l\u00e1tek v provozovn\u011b. Snahou firmy je minimalizovat\nnep\u0159\u00edzniv\u00fd dopad na \u017eivotn\u00ed prost\u0159ed\u00ed. Chromovna Slan\u00fd je napojena na syst\u00e9m\nkomun\u00e1ln\u00edch slu\u017eeb a pln\u00ed platn\u00e9 emisn\u00ed limity zne\u010di\u0161\u0165ov\u00e1n\u00ed ovzdu\u0161\u00ed. Ve\u0161ker\u00e1\nprovozn\u00ed \u010dinnost je nep\u0159etr\u017eit\u011b monitorov\u00e1na a kontrolov\u00e1na extern\u00ed\nautorizovanou osobou zaji\u0161\u0165uj\u00edc\u00ed dohled nad ve\u0161ker\u00fdmi \u010dinnostmi t\u00fdkaj\u00edc\u00ed se\nekologie, hygieny, bezpe\u010dnosti pr\u00e1ce a odpadov\u00e9ho hospod\u00e1\u0159stv\u00ed.<\/p>\n\n\n\n<p><strong>Laborato\u0159&nbsp; <\/strong><\/p>\n\n\n\n<p>Disponujeme tak\u00e9 vlastn\u00ed laborato\u0159\u00ed, kde jsme schopni sami pravideln\u011b d\u011blat ve\u0161ker\u00e9 rozbory a anal\u00fdzy t\u00fdkaj\u00edc\u00ed se stavu galvanick\u00fdch l\u00e1zn\u00ed tak, abychom mohli pru\u017en\u011b reagovat na jak\u00e9koliv zm\u011bny a udr\u017eovat tak l\u00e1zn\u011b v ide\u00e1ln\u00edm p\u0159edepsan\u00e9m stavu.<\/p>\n\n\n\n<p><strong>Reference<\/strong><\/p>\n\n\n\n<p>Chromujeme pro v\u0161echny d\u016fle\u017eit\u00e9 \u010desk\u00e9 stroj\u00edrensk\u00e9 podniky i\npro zahrani\u010dn\u00ed firmy. Absolutn\u00ed v\u011bt\u0161ina na\u0161ich zak\u00e1zek je ur\u010dena pro export,\nproto\u017ee i velk\u00e1 \u010d\u00e1st zak\u00e1zek na\u0161ich \u010desk\u00fdch z\u00e1kazn\u00edk\u016f je ur\u010dena pro export do\nz\u00e1padn\u00ed Evropy.<\/p>\n\n\n\n<p><strong>\u010cSP\u00da<\/strong><\/p>\n\n\n\n<p>NOVEX Bohemia s.r.o. je \u010dlenem odborn\u00e9 asociace \u010cesk\u00e9 spole\u010dnosti pro povrchovou \u00fapravu (\u010cSP\u00da) sdru\u017euj\u00edc\u00ed firmy, instituce a pracovn\u00edky z oboru povrchov\u00fdch \u00faprav.<\/p>\n\n\n\n<p><a href=\"\/cs\/bohemia\/#hard-chrome-plating\" class=\"btn btn-primary\">Zp\u011bt<\/a><br><\/p>\n","protected":false},"excerpt":{"rendered":"<p>Tvrd\u00e9 chromov\u00e1n\u00ed je povrchov\u00e1 \u00faprava vyzna\u010duj\u00edc\u00ed se vysokou odolnost\u00ed proti opot\u0159eben\u00ed, tvrdost\u00ed, odolnost\u00ed proti korozi a extr\u00e9mn\u00edm teplot\u00e1m. Tvrd\u00e9 chromov\u00e1n\u00ed vyhovuje speci\u00e1ln\u00edm po\u017eadavk\u016fm stroj\u00edrensk\u00e9 v\u00fdroby. Nen\u00ed mo\u017eno je zam\u011b\u0148ovat za um\u011bleck\u00e9 (ozdobn\u00e9) chromov\u00e1n\u00ed.Chromovna m\u00e1 dva provozy. V prvn\u00edm provozu m\u016f\u017eeme chromovat d\u00edly do pr\u016fm\u011bru a\u017e 200 mm a d\u00e9lky a\u017e 2200 mm. Samoz\u0159ejm\u011b chromujeme tak\u00e9 [&hellip;]<\/p>\n","protected":false},"author":19,"featured_media":0,"parent":263,"menu_order":1,"comment_status":"closed","ping_status":"closed","template":"","meta":{"_acf_changed":false,"footnotes":""},"class_list":["post-1417","page","type-page","status-publish","hentry"],"acf":[],"jetpack_sharing_enabled":true,"_links":{"self":[{"href":"https:\/\/novex.cz\/cs\/wp-json\/wp\/v2\/pages\/1417","targetHints":{"allow":["GET"]}}],"collection":[{"href":"https:\/\/novex.cz\/cs\/wp-json\/wp\/v2\/pages"}],"about":[{"href":"https:\/\/novex.cz\/cs\/wp-json\/wp\/v2\/types\/page"}],"author":[{"embeddable":true,"href":"https:\/\/novex.cz\/cs\/wp-json\/wp\/v2\/users\/19"}],"replies":[{"embeddable":true,"href":"https:\/\/novex.cz\/cs\/wp-json\/wp\/v2\/comments?post=1417"}],"version-history":[{"count":0,"href":"https:\/\/novex.cz\/cs\/wp-json\/wp\/v2\/pages\/1417\/revisions"}],"up":[{"embeddable":true,"href":"https:\/\/novex.cz\/cs\/wp-json\/wp\/v2\/pages\/263"}],"wp:attachment":[{"href":"https:\/\/novex.cz\/cs\/wp-json\/wp\/v2\/media?parent=1417"}],"curies":[{"name":"wp","href":"https:\/\/api.w.org\/{rel}","templated":true}]}}